{"id":2534,"date":"2018-07-13T22:51:04","date_gmt":"2018-07-13T22:51:04","guid":{"rendered":"http:\/\/saludyvidastore.com\/product\/titan-army-x-2-lbs\/"},"modified":"2023-02-28T21:25:27","modified_gmt":"2023-02-28T21:25:27","slug":"titan-army-x-2-lbs","status":"publish","type":"product","link":"https:\/\/saludyvidastore.com\/en\/product\/titan-army-x-2-lbs\/","title":{"rendered":"Titan Army x 2 lbs"},"content":{"rendered":"<h1 style=\"text-align: center;\">Titan Army x 2 lbs<\/h1>\n<h1><\/h1>\n<h1><span style=\"font-family: helvetica; font-size: 14pt;\">Titan Army x 2 lbs es una prote\u00edna especialmente dise\u00f1ada para las personas que buscan adicionar calor\u00edas a su dieta, maximizando la ganancia de masa muscular.\u00a0<\/span><\/h1>\n<h2><span style=\"font-family: helvetica; font-size: 14pt;\">Esta combinado con prote\u00ednas de suero para ayudar a recuperar los m\u00fasculos despu\u00e9s de cada entrenamiento y permitir el crecimiento de masa muscular. Con\u00a0TIT\u00c1N ARMY puedes obtener un delicioso batido cargado de carbohidratos que te brindar\u00e1n energ\u00eda por m\u00e1s tiempo, gran cantidad de calor\u00edas sin az\u00facar. Es el apoyo ideal para un entrenamiento fuerte.<\/span><\/h2>\n<h3><span style=\"font-family: helvetica; font-size: 14pt;\">Su contenido bajo en calor\u00edas es ideal para quienes tambi\u00e9n buscan perder peso. Puede encontrarse en la versi\u00f3n concentrada, que es baja en grasas y colesterol; Aislada que tambi\u00e9n es baja en grasa y en lactosa; y la hidrolizada que tiene mayor facilidad de absorci\u00f3n, aunque su precio es m\u00e1s elevado.<\/span><\/h3>\n<p><span style=\"font-family: helvetica; font-size: 14pt;\"><strong>TITAN ARMY Beneficios:<\/strong><\/span><\/p>\n<ul style=\"margin-top: 0cm;\">\n<li><span style=\"font-family: helvetica; font-size: 14pt;\">Aporte de energ\u00eda durante los entrenamientos.<\/span><\/li>\n<li><span style=\"font-family: helvetica; font-size: 14pt;\">Recuperaci\u00f3n mucho m\u00e1s f\u00e1cil despu\u00e9s de los entrenamientos fuertes.<\/span><\/li>\n<li><span style=\"font-family: helvetica; font-size: 14pt;\">Ayuda en el crecimiento de la masa corporal.<\/span><\/li>\n<li><span style=\"font-family: helvetica; font-size: 14pt;\">Beneficios por los altos contenidos de carbohidratos.<\/span><\/li>\n<li><span style=\"font-family: helvetica; font-size: 14pt;\">Sin azucares.<\/span><\/li>\n<li><span style=\"font-family: helvetica; font-size: 14pt;\">BCAA\u2019s y Glutamina incorporados.<\/span><\/li>\n<\/ul>\n<p><span style=\"font-family: helvetica; font-size: 14pt;\"><strong>TITAN ARMY Uso sugerido:<\/strong><\/span><\/p>\n<p><span style=\"font-family: helvetica; font-size: 14pt;\">Mezclar 1 servicio de Titan Army (8 cucharas dosificadoras, en 12 oz de agua. Batir en un shaker hasta obtener una mezcla homog\u00e9nea.<\/span><\/p>\n<p><span style=\"font-family: helvetica; font-size: 14pt;\">Si prefiere, use leche descremada o baja en grasa y as\u00ed obtendr\u00e1 un delicioso batido cremoso y con un alto contenido cal\u00f3rico. Puedes a\u00f1adirle trozos de fruta, para as\u00ed aumentar el contenido cal\u00f3rico de tu batido<\/span><\/p>\n<p><span style=\"font-family: helvetica; font-size: 14pt;\">Puedes tomarlo en cualquier momento, es ideal antes del ejercicio, pues aporta carbohidratos complejos, una buena fuente de energ\u00eda y despu\u00e9s del entrenamiento ayuda a la recuperaci\u00f3n gracias a su poderosa e innovadora f\u00f3rmula.<\/span><\/p>\n","protected":false},"excerpt":{"rendered":"<p>TIT\u00c1N ARMY es una prote\u00edna especialmente dise\u00f1ada para las personas que buscan adicionar calor\u00edas a su dieta, maximizando la ganancia de masa muscular.<\/p>\n","protected":false},"featured_media":8699,"comment_status":"open","ping_status":"closed","template":"","meta":[],"product_cat":[40,29],"product_tag":[],"acf":[],"yoast_head":"<!-- This site is optimized with the Yoast SEO plugin v18.5.1 - https:\/\/yoast.com\/wordpress\/plugins\/seo\/ -->\n<title>Titan Army x 2 lbs - Salud y Vida Store<\/title>\n<meta name=\"robots\" content=\"index, follow, max-snippet:-1, max-image-preview:large, max-video-preview:-1\" \/>\n<link rel=\"canonical\" href=\"https:\/\/saludyvidastore.com\/en\/product\/titan-army-x-2-lbs\/\" \/>\n<meta property=\"og:locale\" content=\"en_US\" \/>\n<meta property=\"og:type\" content=\"article\" \/>\n<meta property=\"og:title\" content=\"Titan Army x 2 lbs - Salud y Vida Store\" \/>\n<meta property=\"og:description\" content=\"TIT\u00c1N ARMY es una prote\u00edna especialmente dise\u00f1ada para las personas que buscan adicionar calor\u00edas a su dieta, maximizando la ganancia de masa muscular.\" \/>\n<meta property=\"og:url\" content=\"https:\/\/saludyvidastore.com\/en\/product\/titan-army-x-2-lbs\/\" \/>\n<meta property=\"og:site_name\" content=\"Salud y Vida Store\" \/>\n<meta property=\"article:publisher\" content=\"https:\/\/www.facebook.com\/ArmoniaNaturalDietShop\/\" \/>\n<meta property=\"article:modified_time\" content=\"2023-02-28T21:25:27+00:00\" \/>\n<meta property=\"og:image\" content=\"https:\/\/saludyvidastore.com\/wp-content\/uploads\/2018\/07\/titan-army-x2lbs-vitanas-tiendasenforma-nuevapresentacion.jpg\" \/>\n\t<meta property=\"og:image:width\" content=\"1000\" \/>\n\t<meta property=\"og:image:height\" content=\"1000\" \/>\n\t<meta property=\"og:image:type\" content=\"image\/jpeg\" \/>\n<meta name=\"twitter:card\" content=\"summary_large_image\" \/>\n<meta name=\"twitter:label1\" content=\"Est. reading time\" \/>\n\t<meta name=\"twitter:data1\" content=\"2 minutes\" \/>\n<script type=\"application\/ld+json\" class=\"yoast-schema-graph\">{\"@context\":\"https:\/\/schema.org\",\"@graph\":[{\"@type\":\"WebSite\",\"@id\":\"https:\/\/saludyvidastore.com\/#website\",\"url\":\"https:\/\/saludyvidastore.com\/\",\"name\":\"Salud y Vida Store\",\"description\":\"Otro sitio realizado con WordPress\",\"potentialAction\":[{\"@type\":\"SearchAction\",\"target\":{\"@type\":\"EntryPoint\",\"urlTemplate\":\"https:\/\/saludyvidastore.com\/?s={search_term_string}\"},\"query-input\":\"required name=search_term_string\"}],\"inLanguage\":\"en-US\"},{\"@type\":\"ImageObject\",\"@id\":\"https:\/\/saludyvidastore.com\/en\/product\/titan-army-x-2-lbs\/#primaryimage\",\"inLanguage\":\"en-US\",\"url\":\"https:\/\/saludyvidastore.com\/wp-content\/uploads\/2018\/07\/titan-army-x2lbs-vitanas-tiendasenforma-nuevapresentacion.jpg\",\"contentUrl\":\"https:\/\/saludyvidastore.com\/wp-content\/uploads\/2018\/07\/titan-army-x2lbs-vitanas-tiendasenforma-nuevapresentacion.jpg\",\"width\":1000,\"height\":1000,\"caption\":\"Titan Army x 2 lbs\"},{\"@type\":\"WebPage\",\"@id\":\"https:\/\/saludyvidastore.com\/en\/product\/titan-army-x-2-lbs\/#webpage\",\"url\":\"https:\/\/saludyvidastore.com\/en\/product\/titan-army-x-2-lbs\/\",\"name\":\"Titan Army x 2 lbs - Salud y Vida Store\",\"isPartOf\":{\"@id\":\"https:\/\/saludyvidastore.com\/#website\"},\"primaryImageOfPage\":{\"@id\":\"https:\/\/saludyvidastore.com\/en\/product\/titan-army-x-2-lbs\/#primaryimage\"},\"datePublished\":\"2018-07-13T22:51:04+00:00\",\"dateModified\":\"2023-02-28T21:25:27+00:00\",\"breadcrumb\":{\"@id\":\"https:\/\/saludyvidastore.com\/en\/product\/titan-army-x-2-lbs\/#breadcrumb\"},\"inLanguage\":\"en-US\",\"potentialAction\":[{\"@type\":\"ReadAction\",\"target\":[\"https:\/\/saludyvidastore.com\/en\/product\/titan-army-x-2-lbs\/\"]}]},{\"@type\":\"BreadcrumbList\",\"@id\":\"https:\/\/saludyvidastore.com\/en\/product\/titan-army-x-2-lbs\/#breadcrumb\",\"itemListElement\":[{\"@type\":\"ListItem\",\"position\":1,\"name\":\"Portada\",\"item\":\"https:\/\/saludyvidastore.com\/en\/\"},{\"@type\":\"ListItem\",\"position\":2,\"name\":\"Tienda\",\"item\":\"https:\/\/saludyvidastore.com\/tienda\/\"},{\"@type\":\"ListItem\",\"position\":3,\"name\":\"Titan Army x 2 lbs\"}]}]}<\/script>\n<!-- \/ Yoast SEO plugin. -->","yoast_head_json":{"title":"Titan Army x 2 lbs - Salud y Vida Store","robots":{"index":"index","follow":"follow","max-snippet":"max-snippet:-1","max-image-preview":"max-image-preview:large","max-video-preview":"max-video-preview:-1"},"canonical":"https:\/\/saludyvidastore.com\/en\/product\/titan-army-x-2-lbs\/","og_locale":"en_US","og_type":"article","og_title":"Titan Army x 2 lbs - Salud y Vida Store","og_description":"TIT\u00c1N ARMY es una prote\u00edna especialmente dise\u00f1ada para las personas que buscan adicionar calor\u00edas a su dieta, maximizando la ganancia de masa muscular.","og_url":"https:\/\/saludyvidastore.com\/en\/product\/titan-army-x-2-lbs\/","og_site_name":"Salud y Vida Store","article_publisher":"https:\/\/www.facebook.com\/ArmoniaNaturalDietShop\/","article_modified_time":"2023-02-28T21:25:27+00:00","og_image":[{"width":1000,"height":1000,"url":"https:\/\/saludyvidastore.com\/wp-content\/uploads\/2018\/07\/titan-army-x2lbs-vitanas-tiendasenforma-nuevapresentacion.jpg","type":"image\/jpeg"}],"twitter_card":"summary_large_image","twitter_misc":{"Est. reading time":"2 minutes"},"schema":{"@context":"https:\/\/schema.org","@graph":[{"@type":"WebSite","@id":"https:\/\/saludyvidastore.com\/#website","url":"https:\/\/saludyvidastore.com\/","name":"Salud y Vida Store","description":"Otro sitio realizado con WordPress","potentialAction":[{"@type":"SearchAction","target":{"@type":"EntryPoint","urlTemplate":"https:\/\/saludyvidastore.com\/?s={search_term_string}"},"query-input":"required name=search_term_string"}],"inLanguage":"en-US"},{"@type":"ImageObject","@id":"https:\/\/saludyvidastore.com\/en\/product\/titan-army-x-2-lbs\/#primaryimage","inLanguage":"en-US","url":"https:\/\/saludyvidastore.com\/wp-content\/uploads\/2018\/07\/titan-army-x2lbs-vitanas-tiendasenforma-nuevapresentacion.jpg","contentUrl":"https:\/\/saludyvidastore.com\/wp-content\/uploads\/2018\/07\/titan-army-x2lbs-vitanas-tiendasenforma-nuevapresentacion.jpg","width":1000,"height":1000,"caption":"Titan Army x 2 lbs"},{"@type":"WebPage","@id":"https:\/\/saludyvidastore.com\/en\/product\/titan-army-x-2-lbs\/#webpage","url":"https:\/\/saludyvidastore.com\/en\/product\/titan-army-x-2-lbs\/","name":"Titan Army x 2 lbs - Salud y Vida Store","isPartOf":{"@id":"https:\/\/saludyvidastore.com\/#website"},"primaryImageOfPage":{"@id":"https:\/\/saludyvidastore.com\/en\/product\/titan-army-x-2-lbs\/#primaryimage"},"datePublished":"2018-07-13T22:51:04+00:00","dateModified":"2023-02-28T21:25:27+00:00","breadcrumb":{"@id":"https:\/\/saludyvidastore.com\/en\/product\/titan-army-x-2-lbs\/#breadcrumb"},"inLanguage":"en-US","potentialAction":[{"@type":"ReadAction","target":["https:\/\/saludyvidastore.com\/en\/product\/titan-army-x-2-lbs\/"]}]},{"@type":"BreadcrumbList","@id":"https:\/\/saludyvidastore.com\/en\/product\/titan-army-x-2-lbs\/#breadcrumb","itemListElement":[{"@type":"ListItem","position":1,"name":"Portada","item":"https:\/\/saludyvidastore.com\/en\/"},{"@type":"ListItem","position":2,"name":"Tienda","item":"https:\/\/saludyvidastore.com\/tienda\/"},{"@type":"ListItem","position":3,"name":"Titan Army x 2 lbs"}]}]}},"_links":{"self":[{"href":"https:\/\/saludyvidastore.com\/en\/wp-json\/wp\/v2\/product\/2534"}],"collection":[{"href":"https:\/\/saludyvidastore.com\/en\/wp-json\/wp\/v2\/product"}],"about":[{"href":"https:\/\/saludyvidastore.com\/en\/wp-json\/wp\/v2\/types\/product"}],"replies":[{"embeddable":true,"href":"https:\/\/saludyvidastore.com\/en\/wp-json\/wp\/v2\/comments?post=2534"}],"wp:featuredmedia":[{"embeddable":true,"href":"https:\/\/saludyvidastore.com\/en\/wp-json\/wp\/v2\/media\/8699"}],"wp:attachment":[{"href":"https:\/\/saludyvidastore.com\/en\/wp-json\/wp\/v2\/media?parent=2534"}],"wp:term":[{"taxonomy":"product_cat","embeddable":true,"href":"https:\/\/saludyvidastore.com\/en\/wp-json\/wp\/v2\/product_cat?post=2534"},{"taxonomy":"product_tag","embeddable":true,"href":"https:\/\/saludyvidastore.com\/en\/wp-json\/wp\/v2\/product_tag?post=2534"}],"curies":[{"name":"wp","href":"https:\/\/api.w.org\/{rel}","templated":true}]}}