{"id":2536,"date":"2018-07-13T22:51:00","date_gmt":"2018-07-13T22:51:00","guid":{"rendered":"http:\/\/saludyvidastore.com\/product\/xero2-cla-16lb\/"},"modified":"2018-07-13T22:51:00","modified_gmt":"2018-07-13T22:51:00","slug":"xero2-cla-16lb","status":"publish","type":"product","link":"https:\/\/saludyvidastore.com\/en\/product\/xero2-cla-16lb\/","title":{"rendered":"XERO2 CLA 1,6lb"},"content":{"rendered":"<h1><span style=\"font-size: 14pt; font-family: helvetica;\"><span style=\"color: #0000ff;\">XERO2 CLA<\/span> es ideal para personas que quieren quemar grasa abdominal; con CLA (\u00c1cido linoleico) y T\u00e9 verde. Es una prote\u00edna hipocalorica que apoya la construcci\u00f3n de masa muscular, protege los m\u00fasculos y ayuda a recuperar de forma r\u00e1pida. El CLA ayuda a la disminuci\u00f3n de la grasa abdominal y es recomendado para personas con procedimientos Pre y Post quir\u00fargicos para bajar de peso y el T\u00e9 Verde ayuda a activar el metabolismo, mejora la capacidad para quemar calor\u00edas y act\u00faa como un cardioprotector. Puedes tomar un scoop que aporta 22 g de prote\u00edna y 2 g de CLA, o dos scoop que aportan 44 g de prote\u00edna y 4 g de CLA. Con sabores deliciosos de vainilla y chocolate.<\/span><\/h1>\n<h2>&nbsp;<\/h2>\n<h2><span style=\"font-family: helvetica; font-size: 14pt;\">La principal ventaja de Whey Isolate, aparte de su bajo contenido en grasa y carbohidratos, es su velocidad de absorci\u00f3n m\u00e1s r\u00e1pida respecto a un concentrado de suero. Por ese motivo, esta prote\u00edna es ideal para evitar incrementar el porcentaje graso al mismo tiempo que permite estimular al m\u00e1ximo la recuperaci\u00f3n y s\u00edntesis de prote\u00ednas musculares.<\/span><\/h2>\n<p><strong><span style=\"font-family: helvetica; font-size: 14pt;\">Esta mezcla se complementa perfectamente con su plan de p\u00e9rdida de peso o para dar el salto a una nueva si eso es lo que usted necesita. <\/span><\/strong><br \/><strong><span style=\"font-family: helvetica; font-size: 14pt;\"><span style=\"color: #0000ff;\">XERO2 CLA<\/span> s\u00f3lo utiliza mezclas de la m\u00e1s alta calidad, pureza y potencia de CLA para garantizar un producto completamente efectivo y natural.<\/span><\/strong><\/p>\n<p><strong><span style=\"font-family: helvetica; font-size: 14pt;\">Principales beneficios del CLA :<\/span><\/strong><\/p>\n<ul>\n<li><strong><span style=\"font-family: helvetica; font-size: 14pt;\">Ayuda a reducir la grasa sin reducir la masa muscular<\/span><\/strong><\/li>\n<li><strong><span style=\"font-family: helvetica; font-size: 14pt;\"> Favorece los niveles saludables de colesterol<\/span><\/strong><\/li>\n<li><strong><span style=\"font-family: helvetica; font-size: 14pt;\"> Promueve un metabolismo saludable<\/span><\/strong><\/li>\n<li><strong><span style=\"font-family: helvetica; font-size: 14pt;\"> Aumenta la p\u00e9rdida de grasa corporal<\/span><\/strong><\/li>\n<\/ul>\n<pre id=\"tw-target-text\" class=\"tw-data-text tw-ta tw-text-small\" style=\"text-align: left; height: 288px;\" dir=\"ltr\" data-placeholder=\"Translation\" data-fulltext=\"\"><span lang=\"es\"><br \/><strong><span style=\"font-family: helvetica; font-size: 14pt;\">Componente Valor nutricional\r\n<\/span><\/strong><br \/><strong><span style=\"font-family: helvetica; font-size: 14pt;\">Prote\u00ednas \/ Prote\u00ednas 22 g Por Scoop<\/span><\/strong><br \/><strong><span style=\"font-family: helvetica; font-size: 14pt;\">Grasa saturada \/ Grasa Saturada 0 g<\/span><\/strong><br \/><strong><span style=\"font-family: helvetica; font-size: 14pt;\">Total de Carbohidratos \/ Carbohidratos Totales 1 <\/span><\/strong><br \/><strong><span style=\"font-family: helvetica; font-size: 14pt;\">Calor\u00edas 100<\/span><\/strong><br \/><strong><span style=\"font-family: helvetica; font-size: 14pt;\">CLA 2 g<\/span><\/strong><br \/><strong><span style=\"font-family: helvetica; font-size: 14pt;\">Az\u00facar \/ Az\u00facares 1 g<\/span><\/strong><br \/><strong><span style=\"font-family: helvetica; font-size: 14pt;\">Fibra Diet\u00e9tica \/ Fibra Diet\u00e9tica 0 g<\/span><\/strong><br \/><strong><span style=\"font-family: helvetica; font-size: 14pt;\">Sodio \/ Sodio 90 mg<\/span><\/strong><br \/><strong><span style=\"font-family: helvetica; font-size: 14pt;\">Adicionada a Az\u00facar 0 g<\/span><\/strong><br \/><strong><span style=\"font-family: helvetica; font-size: 14pt;\">Sabores Vainilla, chocolate<\/span><\/strong><\/span><\/pre>\n<p>&nbsp;<\/p>\n","protected":false},"excerpt":{"rendered":"<p>XERO2 CLA  es ideal para personas que quieren quemar grasa abdominal; con CLA (\u00c1cido linoleico) y T\u00e9 verde. Es una prote\u00edna hipocalorica que apoya la construcci\u00f3n de masa muscular, protege los m\u00fasculos y ayuda a recuperar de forma r\u00e1pida. El CLA ayuda a la disminuci\u00f3n de la grasa abdominal y es recomendado para personas con procedimientos Pre y Post quir\u00fargicos para bajar de peso y el T\u00e9 Verde ayuda a activar el metabolismo, mejora la capacidad para quemar calor\u00edas y act\u00faa como un cardioprotector. Puedes tomar un scoop que aporta 22 g de prote\u00edna y 2 g de CLA, o dos scoop que aportan 44 g de prote\u00edna y 4 g de CLA. Con sabores deliciosos de vainilla y chocolate.<\/p>\n","protected":false},"featured_media":2221,"comment_status":"open","ping_status":"closed","template":"","meta":[],"product_cat":[40,29],"product_tag":[],"acf":[],"yoast_head":"<!-- This site is optimized with the Yoast SEO plugin v18.5.1 - https:\/\/yoast.com\/wordpress\/plugins\/seo\/ -->\n<title>XERO2 CLA 1,6lb - Salud y Vida Store<\/title>\n<meta name=\"robots\" content=\"index, follow, max-snippet:-1, max-image-preview:large, max-video-preview:-1\" \/>\n<link rel=\"canonical\" href=\"https:\/\/saludyvidastore.com\/en\/product\/xero2-cla-16lb\/\" \/>\n<meta property=\"og:locale\" content=\"en_US\" \/>\n<meta property=\"og:type\" content=\"article\" \/>\n<meta property=\"og:title\" content=\"XERO2 CLA 1,6lb - Salud y Vida Store\" \/>\n<meta property=\"og:description\" content=\"XERO2 CLA es ideal para personas que quieren quemar grasa abdominal; con CLA (\u00c1cido linoleico) y T\u00e9 verde. Es una prote\u00edna hipocalorica que apoya la construcci\u00f3n de masa muscular, protege los m\u00fasculos y ayuda a recuperar de forma r\u00e1pida. El CLA ayuda a la disminuci\u00f3n de la grasa abdominal y es recomendado para personas con procedimientos Pre y Post quir\u00fargicos para bajar de peso y el T\u00e9 Verde ayuda a activar el metabolismo, mejora la capacidad para quemar calor\u00edas y act\u00faa como un cardioprotector. Puedes tomar un scoop que aporta 22 g de prote\u00edna y 2 g de CLA, o dos scoop que aportan 44 g de prote\u00edna y 4 g de CLA. Con sabores deliciosos de vainilla y chocolate.\" \/>\n<meta property=\"og:url\" content=\"https:\/\/saludyvidastore.com\/en\/product\/xero2-cla-16lb\/\" \/>\n<meta property=\"og:site_name\" content=\"Salud y Vida Store\" \/>\n<meta property=\"article:publisher\" content=\"https:\/\/www.facebook.com\/ArmoniaNaturalDietShop\/\" \/>\n<meta property=\"og:image\" content=\"https:\/\/saludyvidastore.com\/wp-content\/uploads\/2018\/07\/1058.png\" \/>\n\t<meta property=\"og:image:width\" content=\"720\" \/>\n\t<meta property=\"og:image:height\" content=\"720\" \/>\n\t<meta property=\"og:image:type\" content=\"image\/png\" \/>\n<meta name=\"twitter:card\" content=\"summary_large_image\" \/>\n<meta name=\"twitter:label1\" content=\"Est. reading time\" \/>\n\t<meta name=\"twitter:data1\" content=\"2 minutes\" \/>\n<script type=\"application\/ld+json\" class=\"yoast-schema-graph\">{\"@context\":\"https:\/\/schema.org\",\"@graph\":[{\"@type\":\"WebSite\",\"@id\":\"https:\/\/saludyvidastore.com\/#website\",\"url\":\"https:\/\/saludyvidastore.com\/\",\"name\":\"Salud y Vida Store\",\"description\":\"Otro sitio realizado con WordPress\",\"potentialAction\":[{\"@type\":\"SearchAction\",\"target\":{\"@type\":\"EntryPoint\",\"urlTemplate\":\"https:\/\/saludyvidastore.com\/?s={search_term_string}\"},\"query-input\":\"required name=search_term_string\"}],\"inLanguage\":\"en-US\"},{\"@type\":\"ImageObject\",\"@id\":\"https:\/\/saludyvidastore.com\/en\/product\/xero2-cla-16lb\/#primaryimage\",\"inLanguage\":\"en-US\",\"url\":\"https:\/\/saludyvidastore.com\/wp-content\/uploads\/2018\/07\/1058.png\",\"contentUrl\":\"https:\/\/saludyvidastore.com\/wp-content\/uploads\/2018\/07\/1058.png\",\"width\":720,\"height\":720},{\"@type\":\"WebPage\",\"@id\":\"https:\/\/saludyvidastore.com\/en\/product\/xero2-cla-16lb\/#webpage\",\"url\":\"https:\/\/saludyvidastore.com\/en\/product\/xero2-cla-16lb\/\",\"name\":\"XERO2 CLA 1,6lb - Salud y Vida Store\",\"isPartOf\":{\"@id\":\"https:\/\/saludyvidastore.com\/#website\"},\"primaryImageOfPage\":{\"@id\":\"https:\/\/saludyvidastore.com\/en\/product\/xero2-cla-16lb\/#primaryimage\"},\"datePublished\":\"2018-07-13T22:51:00+00:00\",\"dateModified\":\"2018-07-13T22:51:00+00:00\",\"breadcrumb\":{\"@id\":\"https:\/\/saludyvidastore.com\/en\/product\/xero2-cla-16lb\/#breadcrumb\"},\"inLanguage\":\"en-US\",\"potentialAction\":[{\"@type\":\"ReadAction\",\"target\":[\"https:\/\/saludyvidastore.com\/en\/product\/xero2-cla-16lb\/\"]}]},{\"@type\":\"BreadcrumbList\",\"@id\":\"https:\/\/saludyvidastore.com\/en\/product\/xero2-cla-16lb\/#breadcrumb\",\"itemListElement\":[{\"@type\":\"ListItem\",\"position\":1,\"name\":\"Portada\",\"item\":\"https:\/\/saludyvidastore.com\/en\/\"},{\"@type\":\"ListItem\",\"position\":2,\"name\":\"Tienda\",\"item\":\"https:\/\/saludyvidastore.com\/tienda\/\"},{\"@type\":\"ListItem\",\"position\":3,\"name\":\"XERO2 CLA 1,6lb\"}]}]}<\/script>\n<!-- \/ Yoast SEO plugin. -->","yoast_head_json":{"title":"XERO2 CLA 1,6lb - Salud y Vida Store","robots":{"index":"index","follow":"follow","max-snippet":"max-snippet:-1","max-image-preview":"max-image-preview:large","max-video-preview":"max-video-preview:-1"},"canonical":"https:\/\/saludyvidastore.com\/en\/product\/xero2-cla-16lb\/","og_locale":"en_US","og_type":"article","og_title":"XERO2 CLA 1,6lb - Salud y Vida Store","og_description":"XERO2 CLA es ideal para personas que quieren quemar grasa abdominal; con CLA (\u00c1cido linoleico) y T\u00e9 verde. Es una prote\u00edna hipocalorica que apoya la construcci\u00f3n de masa muscular, protege los m\u00fasculos y ayuda a recuperar de forma r\u00e1pida. El CLA ayuda a la disminuci\u00f3n de la grasa abdominal y es recomendado para personas con procedimientos Pre y Post quir\u00fargicos para bajar de peso y el T\u00e9 Verde ayuda a activar el metabolismo, mejora la capacidad para quemar calor\u00edas y act\u00faa como un cardioprotector. Puedes tomar un scoop que aporta 22 g de prote\u00edna y 2 g de CLA, o dos scoop que aportan 44 g de prote\u00edna y 4 g de CLA. Con sabores deliciosos de vainilla y chocolate.","og_url":"https:\/\/saludyvidastore.com\/en\/product\/xero2-cla-16lb\/","og_site_name":"Salud y Vida Store","article_publisher":"https:\/\/www.facebook.com\/ArmoniaNaturalDietShop\/","og_image":[{"width":720,"height":720,"url":"https:\/\/saludyvidastore.com\/wp-content\/uploads\/2018\/07\/1058.png","type":"image\/png"}],"twitter_card":"summary_large_image","twitter_misc":{"Est. reading time":"2 minutes"},"schema":{"@context":"https:\/\/schema.org","@graph":[{"@type":"WebSite","@id":"https:\/\/saludyvidastore.com\/#website","url":"https:\/\/saludyvidastore.com\/","name":"Salud y Vida Store","description":"Otro sitio realizado con WordPress","potentialAction":[{"@type":"SearchAction","target":{"@type":"EntryPoint","urlTemplate":"https:\/\/saludyvidastore.com\/?s={search_term_string}"},"query-input":"required name=search_term_string"}],"inLanguage":"en-US"},{"@type":"ImageObject","@id":"https:\/\/saludyvidastore.com\/en\/product\/xero2-cla-16lb\/#primaryimage","inLanguage":"en-US","url":"https:\/\/saludyvidastore.com\/wp-content\/uploads\/2018\/07\/1058.png","contentUrl":"https:\/\/saludyvidastore.com\/wp-content\/uploads\/2018\/07\/1058.png","width":720,"height":720},{"@type":"WebPage","@id":"https:\/\/saludyvidastore.com\/en\/product\/xero2-cla-16lb\/#webpage","url":"https:\/\/saludyvidastore.com\/en\/product\/xero2-cla-16lb\/","name":"XERO2 CLA 1,6lb - Salud y Vida Store","isPartOf":{"@id":"https:\/\/saludyvidastore.com\/#website"},"primaryImageOfPage":{"@id":"https:\/\/saludyvidastore.com\/en\/product\/xero2-cla-16lb\/#primaryimage"},"datePublished":"2018-07-13T22:51:00+00:00","dateModified":"2018-07-13T22:51:00+00:00","breadcrumb":{"@id":"https:\/\/saludyvidastore.com\/en\/product\/xero2-cla-16lb\/#breadcrumb"},"inLanguage":"en-US","potentialAction":[{"@type":"ReadAction","target":["https:\/\/saludyvidastore.com\/en\/product\/xero2-cla-16lb\/"]}]},{"@type":"BreadcrumbList","@id":"https:\/\/saludyvidastore.com\/en\/product\/xero2-cla-16lb\/#breadcrumb","itemListElement":[{"@type":"ListItem","position":1,"name":"Portada","item":"https:\/\/saludyvidastore.com\/en\/"},{"@type":"ListItem","position":2,"name":"Tienda","item":"https:\/\/saludyvidastore.com\/tienda\/"},{"@type":"ListItem","position":3,"name":"XERO2 CLA 1,6lb"}]}]}},"_links":{"self":[{"href":"https:\/\/saludyvidastore.com\/en\/wp-json\/wp\/v2\/product\/2536"}],"collection":[{"href":"https:\/\/saludyvidastore.com\/en\/wp-json\/wp\/v2\/product"}],"about":[{"href":"https:\/\/saludyvidastore.com\/en\/wp-json\/wp\/v2\/types\/product"}],"replies":[{"embeddable":true,"href":"https:\/\/saludyvidastore.com\/en\/wp-json\/wp\/v2\/comments?post=2536"}],"wp:featuredmedia":[{"embeddable":true,"href":"https:\/\/saludyvidastore.com\/en\/wp-json\/wp\/v2\/media\/2221"}],"wp:attachment":[{"href":"https:\/\/saludyvidastore.com\/en\/wp-json\/wp\/v2\/media?parent=2536"}],"wp:term":[{"taxonomy":"product_cat","embeddable":true,"href":"https:\/\/saludyvidastore.com\/en\/wp-json\/wp\/v2\/product_cat?post=2536"},{"taxonomy":"product_tag","embeddable":true,"href":"https:\/\/saludyvidastore.com\/en\/wp-json\/wp\/v2\/product_tag?post=2536"}],"curies":[{"name":"wp","href":"https:\/\/api.w.org\/{rel}","templated":true}]}}