{"id":2537,"date":"2018-07-13T22:49:44","date_gmt":"2018-07-13T22:49:44","guid":{"rendered":"http:\/\/saludyvidastore.com\/product\/vitamin-e-selenium\/"},"modified":"2021-04-27T17:15:15","modified_gmt":"2021-04-27T17:15:15","slug":"vitamin-e-selenium","status":"publish","type":"product","link":"https:\/\/saludyvidastore.com\/en\/product\/vitamin-e-selenium\/","title":{"rendered":"Vitamin E &#8211; Selenium"},"content":{"rendered":"<h1><span style=\"font-family: helvetica; font-size: 14pt;\">Vitamin E\u00a0es una\u00a0vitamina\u00a0liposoluble\u00a0que act\u00faa como\u00a0<a href=\"https:\/\/fundaciondelcorazon.com\/blog-impulso-vital\/3250-antioxidantes-ique-son-y-para-que-sirven.html\">antioxidante<\/a>\u00a0a nivel de la s\u00edntesis del pigmento\u00a0hemo, que es una parte esencial de la\u00a0hemoglobina\u00a0de los\u00a0gl\u00f3bulos rojos. La vitamina E se encuentra en muchos alimentos, principalmente de origen vegetal, y sobre todo en los de hoja verde (el\u00a0br\u00f3coli, las\u00a0espinacas) y las semillas, entre ellos la\u00a0soya, el\u00a0germen de trigo\u00a0y la\u00a0levadura de cerveza. Tambi\u00e9n puede encontrarse en alimentos de origen animal, como la yema de\u00a0huevo. Habitualmente, se suele considerar que los\u00a0aceites vegetales\u00a0y algunas dietas que emplean\u00a0desayunos de cereales\u00a0aportan una gran cantidad de <a href=\"\/?p=4676\">vitamina<\/a> E al cuerpo.<\/span><\/h1>\n<h2><span style=\"font-family: helvetica; font-size: 14pt;\"><strong>Vitamin E<\/strong> es un antioxidante. Eso significa que protege el tejido corporal del da\u00f1o causado por sustancias llamadas radicales libres, que pueden da\u00f1ar c\u00e9lulas, tejidos y \u00f3rganos. Se cree que juegan un papel en ciertas afecciones relacionadas con el envejecimiento.<\/span><\/h2>\n<h3><span style=\"font-family: helvetica; font-size: 14pt;\"><strong>Vitamin E<\/strong>\u00a0 tambi\u00e9n ayuda a mantener la funci\u00f3n inmune. Ayuda a prevenir el c\u00e1ncer y las enfermedades cardiovasculares. Mejora la circulaci\u00f3n y el tratamiento del s\u00edndrome premenstrual. Previene problemas fibroquisticos de los senos. Favorece el proceso de cicatrizaci\u00f3n.<\/span><\/h3>\n<p><span style=\"font-family: helvetica; font-size: 14pt;\"><strong>Vitamin E Principales Beneficios:<\/strong><\/span><\/p>\n<ul style=\"padding: 0px; margin: 0px 0px 10px 25px; color: #6e6e6e; font-family: Arial; font-size: 15px;\">\n<li style=\"line-height: 20px; padding: 0px; margin: 0px;\"><span style=\"line-height: 22.5px; color: #000000; font-family: helvetica; font-size: 14pt;\">Ayuda a mantener una circulaci\u00f3n saludable en las arterias coronarias y en los vasos sangu\u00edneos perif\u00e9ricos.<\/span><\/li>\n<\/ul>\n<ul style=\"padding: 0px; margin: 0px 0px 10px 25px; color: #6e6e6e; font-family: Arial; font-size: 15px;\">\n<li style=\"line-height: 20px; padding: 0px; margin: 0px;\"><span style=\"line-height: 22.5px; color: #000000; font-family: helvetica; font-size: 14pt;\">Reduce la coagulaci\u00f3n excesiva de la sangre y protege contra la trombosis.<\/span><\/li>\n<\/ul>\n<ul style=\"padding: 0px; margin: 0px 0px 10px 25px; color: #6e6e6e; font-family: Arial; font-size: 15px;\">\n<li style=\"line-height: 20px; padding: 0px; margin: 0px;\"><span style=\"line-height: 22.5px; color: #000000; font-family: helvetica; font-size: 14pt;\">Mejora la salud del cerebro y del sistema inmunol\u00f3gico.<\/span><\/li>\n<\/ul>\n<ul style=\"padding: 0px; margin: 0px 0px 10px 25px; color: #6e6e6e; font-family: Arial; font-size: 15px;\">\n<li style=\"line-height: 20px; padding: 0px; margin: 0px;\"><span style=\"line-height: 22.5px; color: #000000; font-family: helvetica; font-size: 14pt;\">Disminuye el riesgo del mal de alzheimer.<\/span><\/li>\n<\/ul>\n<ul style=\"padding: 0px; margin: 0px 0px 10px 25px; color: #6e6e6e; font-family: Arial; font-size: 15px;\">\n<li style=\"line-height: 20px; padding: 0px; margin: 0px;\"><span style=\"line-height: 22.5px; color: #000000; font-family: helvetica; font-size: 14pt;\">Se encuentra implicada en\u00a0frenar los s\u00edntomas del envejecimiento prematuro, resultando en mejorar sustancialmente el aspecto exterior (piel), y por supuesto, la funci\u00f3n normal de los \u00f3rganos del organismo; la regulaci\u00f3n de la funci\u00f3n inmune, el mantenimiento de la integridad de las\u00a0c\u00e9lulas endoteliales\u00a0y el equilibrio de la coagulaci\u00f3n normal.<\/span><\/li>\n<\/ul>\n<ul style=\"padding: 0px; margin: 0px 0px 10px 25px; color: #6e6e6e; font-family: Arial; font-size: 15px;\">\n<li style=\"line-height: 20px; padding: 0px; margin: 0px;\"><span style=\"line-height: 22.5px; color: #000000; font-family: helvetica; font-size: 14pt;\">Asistir en la\u00a0formaci\u00f3n de c\u00e9lulas rojas en la sangre\u00a0y ayudar en la regulaci\u00f3n de la s\u00edntesis de prostanoides, que son compuestos importantes en los procesos de reproducci\u00f3n; por este motivo se ha considerado durante mucho tiempo a esta vitamina como la vitamina de la fertilidad.<\/span><\/li>\n<\/ul>\n<ul style=\"padding: 0px; margin: 0px 0px 10px 25px; color: #6e6e6e; font-family: Arial; font-size: 15px;\">\n<li style=\"line-height: 20px; padding: 0px; margin: 0px;\"><span style=\"line-height: 22.5px; color: #000000; font-family: helvetica; font-size: 14pt;\">La vitamina E ejerce un fuerte efecto antioxidante especialmente importante en los pulmones, donde las c\u00e9lulas est\u00e1n expuestas a altas concentraciones de ox\u00edgeno que pueden da\u00f1arlas.<\/span><\/li>\n<li style=\"line-height: 20px; padding: 0px; margin: 0px;\"><span style=\"line-height: 22.5px; color: #000000; font-family: helvetica; font-size: 14pt;\">Su campo de acci\u00f3n transcurre en neutralizar el efecto de los radicales libres, los cuales son mol\u00e9culas inestables, debido a su desequilibrio at\u00f3mico y que por ello buscan recuperarlo a partir de otras c\u00e9lulas colindantes.<\/span><\/li>\n<li style=\"line-height: 20px; padding: 0px; margin: 0px;\"><span style=\"line-height: 22.5px; color: #000000; font-family: helvetica; font-size: 14pt;\">Combinacion perfecta entre una vitamina y un mineral antioxidante.<\/span><\/li>\n<li style=\"line-height: 20px; padding: 0px; margin: 0px;\"><span style=\"line-height: 22.5px; color: #000000; font-family: helvetica; font-size: 14pt;\">Beneficioso para la piel y las membranas. Fortalece el revestimiento de los capilares sangu\u00edneos de la piel, consiguiendo mejorar el soporte de cara a la hidrataci\u00f3n y fomentar su elasticidad.<\/span><\/li>\n<li style=\"line-height: 20px; padding: 0px; margin: 0px;\"><span style=\"line-height: 22.5px; color: #000000; font-family: helvetica; font-size: 14pt;\">Otro efecto destacado es reducir la inflamaci\u00f3n a nivel celular y verse traducido en un aspecto de la piel m\u00e1s joven.<\/span><\/li>\n<li style=\"line-height: 20px; padding: 0px; margin: 0px;\"><span style=\"line-height: 22.5px; color: #000000; font-family: helvetica; font-size: 14pt;\">Fortalece el cabello. La fragilidad y ca\u00edda del cabello son dos aspectos muy importantes a los que se les suele prestar bastante importancia, dada su estrecha relaci\u00f3n con nuestro aspecto. En tal caso, el uso regular de vitamina E puede ayudarnos a mitigar estos problemas.<\/span><\/li>\n<li style=\"line-height: 20px; padding: 0px; margin: 0px;\"><span style=\"font-family: helvetica; font-size: 14pt;\"><span style=\"line-height: 22.5px; color: #000000;\">Protege las c\u00e9lulas rojas sangu\u00edneas que son las encargadas de transportar el ox\u00edgeno a todas las c\u00e9lulas del cuerpo, tambi\u00e9n lo hace con las c\u00e9lulas blancas, que son las encargadas de defender al organismo contra ciertas enfermedades, de modo que puede estimular y proteger el sistema inmunol\u00f3gico.<\/span><span style=\"line-height: 22.5px; color: #000000;\">Evita la formaci\u00f3n de tumores y enfermedades<\/span><\/span><\/li>\n<\/ul>\n<p><span style=\"font-family: helvetica; font-size: 14pt;\">\u00a0<\/span><\/p>\n","protected":false},"excerpt":{"rendered":"<p>vitamin E es una vitamina liposoluble que act\u00faa como antioxidante a nivel de la s\u00edntesis del pigmento hemo, que es una parte esencial de la hemoglobina de los gl\u00f3bulos rojos. La vitamina E se encuentra en muchos alimentos, principalmente de origen vegetal, y sobre todo en los de hoja verde (el br\u00f3coli, las espinacas) y las semillas, entre ellos la soya, el germen de trigo y la levadura de cerveza.<\/p>\n","protected":false},"featured_media":2223,"comment_status":"open","ping_status":"closed","template":"","meta":[],"product_cat":[34],"product_tag":[],"acf":[],"yoast_head":"<!-- This site is optimized with the Yoast SEO plugin v18.5.1 - https:\/\/yoast.com\/wordpress\/plugins\/seo\/ -->\n<title>Vitamin E - Selenium - Salud y Vida Store<\/title>\n<meta name=\"description\" content=\"Vitamin E - Selenium,La vitamina E ejerce un fuerte efecto antioxidante especialmente importante en los pulmones.\" \/>\n<meta name=\"robots\" content=\"index, follow, max-snippet:-1, max-image-preview:large, max-video-preview:-1\" \/>\n<link rel=\"canonical\" href=\"https:\/\/saludyvidastore.com\/en\/product\/vitamin-e-selenium\/\" \/>\n<meta property=\"og:locale\" content=\"en_US\" \/>\n<meta property=\"og:type\" content=\"article\" \/>\n<meta property=\"og:title\" content=\"Vitamin E - Selenium - Salud y Vida Store\" \/>\n<meta property=\"og:description\" content=\"Vitamin E - Selenium,La vitamina E ejerce un fuerte efecto antioxidante especialmente importante en los pulmones.\" \/>\n<meta property=\"og:url\" content=\"https:\/\/saludyvidastore.com\/en\/product\/vitamin-e-selenium\/\" \/>\n<meta property=\"og:site_name\" content=\"Salud y Vida Store\" \/>\n<meta property=\"article:publisher\" content=\"https:\/\/www.facebook.com\/ArmoniaNaturalDietShop\/\" \/>\n<meta property=\"article:modified_time\" content=\"2021-04-27T17:15:15+00:00\" \/>\n<meta property=\"og:image\" content=\"https:\/\/saludyvidastore.com\/wp-content\/uploads\/2018\/07\/1182.jpg\" \/>\n\t<meta property=\"og:image:width\" content=\"768\" \/>\n\t<meta property=\"og:image:height\" content=\"768\" \/>\n\t<meta property=\"og:image:type\" content=\"image\/jpeg\" \/>\n<meta name=\"twitter:card\" content=\"summary_large_image\" \/>\n<meta name=\"twitter:label1\" content=\"Est. reading time\" \/>\n\t<meta name=\"twitter:data1\" content=\"3 minutes\" \/>\n<script type=\"application\/ld+json\" class=\"yoast-schema-graph\">{\"@context\":\"https:\/\/schema.org\",\"@graph\":[{\"@type\":\"WebSite\",\"@id\":\"https:\/\/saludyvidastore.com\/#website\",\"url\":\"https:\/\/saludyvidastore.com\/\",\"name\":\"Salud y Vida Store\",\"description\":\"Otro sitio realizado con WordPress\",\"potentialAction\":[{\"@type\":\"SearchAction\",\"target\":{\"@type\":\"EntryPoint\",\"urlTemplate\":\"https:\/\/saludyvidastore.com\/?s={search_term_string}\"},\"query-input\":\"required name=search_term_string\"}],\"inLanguage\":\"en-US\"},{\"@type\":\"ImageObject\",\"@id\":\"https:\/\/saludyvidastore.com\/en\/product\/vitamin-e-selenium\/#primaryimage\",\"inLanguage\":\"en-US\",\"url\":\"https:\/\/saludyvidastore.com\/wp-content\/uploads\/2018\/07\/1182.jpg\",\"contentUrl\":\"https:\/\/saludyvidastore.com\/wp-content\/uploads\/2018\/07\/1182.jpg\",\"width\":768,\"height\":768,\"caption\":\"Vitamin E - Selenium\"},{\"@type\":\"WebPage\",\"@id\":\"https:\/\/saludyvidastore.com\/en\/product\/vitamin-e-selenium\/#webpage\",\"url\":\"https:\/\/saludyvidastore.com\/en\/product\/vitamin-e-selenium\/\",\"name\":\"Vitamin E - Selenium - Salud y Vida Store\",\"isPartOf\":{\"@id\":\"https:\/\/saludyvidastore.com\/#website\"},\"primaryImageOfPage\":{\"@id\":\"https:\/\/saludyvidastore.com\/en\/product\/vitamin-e-selenium\/#primaryimage\"},\"datePublished\":\"2018-07-13T22:49:44+00:00\",\"dateModified\":\"2021-04-27T17:15:15+00:00\",\"description\":\"Vitamin E - Selenium,La vitamina E ejerce un fuerte efecto antioxidante especialmente importante en los pulmones.\",\"breadcrumb\":{\"@id\":\"https:\/\/saludyvidastore.com\/en\/product\/vitamin-e-selenium\/#breadcrumb\"},\"inLanguage\":\"en-US\",\"potentialAction\":[{\"@type\":\"ReadAction\",\"target\":[\"https:\/\/saludyvidastore.com\/en\/product\/vitamin-e-selenium\/\"]}]},{\"@type\":\"BreadcrumbList\",\"@id\":\"https:\/\/saludyvidastore.com\/en\/product\/vitamin-e-selenium\/#breadcrumb\",\"itemListElement\":[{\"@type\":\"ListItem\",\"position\":1,\"name\":\"Portada\",\"item\":\"https:\/\/saludyvidastore.com\/en\/\"},{\"@type\":\"ListItem\",\"position\":2,\"name\":\"Tienda\",\"item\":\"https:\/\/saludyvidastore.com\/tienda\/\"},{\"@type\":\"ListItem\",\"position\":3,\"name\":\"Vitamin E &#8211; Selenium\"}]}]}<\/script>\n<!-- \/ Yoast SEO plugin. -->","yoast_head_json":{"title":"Vitamin E - Selenium - Salud y Vida Store","description":"Vitamin E - Selenium,La vitamina E ejerce un fuerte efecto antioxidante especialmente importante en los pulmones.","robots":{"index":"index","follow":"follow","max-snippet":"max-snippet:-1","max-image-preview":"max-image-preview:large","max-video-preview":"max-video-preview:-1"},"canonical":"https:\/\/saludyvidastore.com\/en\/product\/vitamin-e-selenium\/","og_locale":"en_US","og_type":"article","og_title":"Vitamin E - Selenium - Salud y Vida Store","og_description":"Vitamin E - Selenium,La vitamina E ejerce un fuerte efecto antioxidante especialmente importante en los pulmones.","og_url":"https:\/\/saludyvidastore.com\/en\/product\/vitamin-e-selenium\/","og_site_name":"Salud y Vida Store","article_publisher":"https:\/\/www.facebook.com\/ArmoniaNaturalDietShop\/","article_modified_time":"2021-04-27T17:15:15+00:00","og_image":[{"width":768,"height":768,"url":"https:\/\/saludyvidastore.com\/wp-content\/uploads\/2018\/07\/1182.jpg","type":"image\/jpeg"}],"twitter_card":"summary_large_image","twitter_misc":{"Est. reading time":"3 minutes"},"schema":{"@context":"https:\/\/schema.org","@graph":[{"@type":"WebSite","@id":"https:\/\/saludyvidastore.com\/#website","url":"https:\/\/saludyvidastore.com\/","name":"Salud y Vida Store","description":"Otro sitio realizado con WordPress","potentialAction":[{"@type":"SearchAction","target":{"@type":"EntryPoint","urlTemplate":"https:\/\/saludyvidastore.com\/?s={search_term_string}"},"query-input":"required name=search_term_string"}],"inLanguage":"en-US"},{"@type":"ImageObject","@id":"https:\/\/saludyvidastore.com\/en\/product\/vitamin-e-selenium\/#primaryimage","inLanguage":"en-US","url":"https:\/\/saludyvidastore.com\/wp-content\/uploads\/2018\/07\/1182.jpg","contentUrl":"https:\/\/saludyvidastore.com\/wp-content\/uploads\/2018\/07\/1182.jpg","width":768,"height":768,"caption":"Vitamin E - Selenium"},{"@type":"WebPage","@id":"https:\/\/saludyvidastore.com\/en\/product\/vitamin-e-selenium\/#webpage","url":"https:\/\/saludyvidastore.com\/en\/product\/vitamin-e-selenium\/","name":"Vitamin E - Selenium - Salud y Vida Store","isPartOf":{"@id":"https:\/\/saludyvidastore.com\/#website"},"primaryImageOfPage":{"@id":"https:\/\/saludyvidastore.com\/en\/product\/vitamin-e-selenium\/#primaryimage"},"datePublished":"2018-07-13T22:49:44+00:00","dateModified":"2021-04-27T17:15:15+00:00","description":"Vitamin E - Selenium,La vitamina E ejerce un fuerte efecto antioxidante especialmente importante en los pulmones.","breadcrumb":{"@id":"https:\/\/saludyvidastore.com\/en\/product\/vitamin-e-selenium\/#breadcrumb"},"inLanguage":"en-US","potentialAction":[{"@type":"ReadAction","target":["https:\/\/saludyvidastore.com\/en\/product\/vitamin-e-selenium\/"]}]},{"@type":"BreadcrumbList","@id":"https:\/\/saludyvidastore.com\/en\/product\/vitamin-e-selenium\/#breadcrumb","itemListElement":[{"@type":"ListItem","position":1,"name":"Portada","item":"https:\/\/saludyvidastore.com\/en\/"},{"@type":"ListItem","position":2,"name":"Tienda","item":"https:\/\/saludyvidastore.com\/tienda\/"},{"@type":"ListItem","position":3,"name":"Vitamin E &#8211; Selenium"}]}]}},"_links":{"self":[{"href":"https:\/\/saludyvidastore.com\/en\/wp-json\/wp\/v2\/product\/2537"}],"collection":[{"href":"https:\/\/saludyvidastore.com\/en\/wp-json\/wp\/v2\/product"}],"about":[{"href":"https:\/\/saludyvidastore.com\/en\/wp-json\/wp\/v2\/types\/product"}],"replies":[{"embeddable":true,"href":"https:\/\/saludyvidastore.com\/en\/wp-json\/wp\/v2\/comments?post=2537"}],"wp:featuredmedia":[{"embeddable":true,"href":"https:\/\/saludyvidastore.com\/en\/wp-json\/wp\/v2\/media\/2223"}],"wp:attachment":[{"href":"https:\/\/saludyvidastore.com\/en\/wp-json\/wp\/v2\/media?parent=2537"}],"wp:term":[{"taxonomy":"product_cat","embeddable":true,"href":"https:\/\/saludyvidastore.com\/en\/wp-json\/wp\/v2\/product_cat?post=2537"},{"taxonomy":"product_tag","embeddable":true,"href":"https:\/\/saludyvidastore.com\/en\/wp-json\/wp\/v2\/product_tag?post=2537"}],"curies":[{"name":"wp","href":"https:\/\/api.w.org\/{rel}","templated":true}]}}