{"id":2538,"date":"2018-07-13T22:49:43","date_gmt":"2018-07-13T22:49:43","guid":{"rendered":"http:\/\/saludyvidastore.com\/product\/vitamin-e-400-iu\/"},"modified":"2018-07-13T22:49:43","modified_gmt":"2018-07-13T22:49:43","slug":"vitamin-e-400-iu","status":"publish","type":"product","link":"https:\/\/saludyvidastore.com\/en\/product\/vitamin-e-400-iu\/","title":{"rendered":"Vitamin E &#8211; 400 IU"},"content":{"rendered":"<h1><span style=\"font-family: helvetica; font-size: 14pt;\"><strong>Vitamina E &#8211; IU<\/strong> es una vitamina liposoluble que act\u00faa como antioxidante a nivel de la s\u00edntesis del pigmento hemo, que es una parte esencial de la hemoglobina de los gl\u00f3bulos rojos. La vitamina E se encuentra en muchos alimentos, principalmente de origen vegetal, y sobre todo en los de hoja verde (el br\u00f3coli, las espinacas) y las semillas, entre ellos la soya, el germen de trigo y la levadura de cerveza. Tambi\u00e9n puede encontrarse en alimentos de origen animal, como la yema de huevo. Habitualmente, se suele considerar que los aceites vegetales y algunas dietas que emplean desayunos de cereales aportan una gran cantidad de vitamina E al cuerpo<\/span><\/h1>\n<h2><span style=\"font-family: helvetica; font-size: 14pt;\"><strong>Vitamina E &#8211; IU<\/strong> tambi\u00e9n ayuda a mantener la funci\u00f3n inmune. Ayuda a prevenir el c\u00e1ncer y las enfermedades cardiovasculares. Mejora la circulaci\u00f3n y el tratamiento del s\u00edndrome premenstrual. Previene problemas fibroquisticos de los senos. Favorece el proceso de cicatrizaci\u00f3n.<\/span><\/h2>\n<h3><span style=\"font-family: helvetica; font-size: 14pt;\"><strong>Vitamina E &#8211;&nbsp; IU<\/strong> tambi\u00e9n es importante en la formaci\u00f3n de gl\u00f3bulos rojos y ayuda al cuerpo a utilizar la&nbsp;vitamina K. Tambi\u00e9n ayuda a dilatar los vasos sangu\u00edneos y a impedir que la sangre se coagule dentro de ellos.<\/span><\/h3>\n<p><span style=\"font-family: helvetica; font-size: 14pt;\"><strong>Vitamina E &#8211;&nbsp; IU<\/strong> es un antioxidante. Eso significa que protege el tejido corporal del da\u00f1o causado por sustancias llamadas radicales libres, que pueden da\u00f1ar c\u00e9lulas, tejidos y \u00f3rganos. Se cree que juegan un papel en ciertas afecciones relacionadas con el envejecimiento.<\/span><\/p>\n<p>&nbsp;<\/p>\n<p><span style=\"font-family: helvetica; font-size: 14pt;\"><strong>Principales Beneficios:<\/strong><\/span><\/p>\n<p>&nbsp;<\/p>\n<ul style=\"padding: 0px; margin: 0px 0px 10px 25px; color: #6e6e6e; font-family: Arial; font-size: 15px;\">\n<li style=\"line-height: 20px; padding: 0px; margin: 0px;\"><span style=\"line-height: 22.5px; color: #000000; font-family: helvetica; font-size: 14pt;\">Evita la formaci\u00f3n de tumores y enfermedades<\/span><\/li>\n<li style=\"line-height: 20px; padding: 0px; margin: 0px;\"><span style=\"line-height: 22.5px; color: #000000; font-family: helvetica; font-size: 14pt;\">Regula las hormonas del cuerpo. La vitamina E tambi\u00e9n afecta al sistema endocrino y nervioso, ejerciendo una acci\u00f3n moduladora para regular el balance hormonal. Hay que destacar que el&nbsp;normal desarrollo de los nervios&nbsp;depende de la vitamina E.<\/span><\/li>\n<li style=\"line-height: 20px; padding: 0px; margin: 0px;\"><span style=\"line-height: 22.5px; color: #000000; font-family: helvetica; font-size: 14pt;\">Otros de los beneficios de la vitamina E, es su implicaci\u00f3n en la&nbsp;producci\u00f3n de energ\u00eda, la&nbsp;s\u00edntesis de \u00e1cido desoxirribonucleico&nbsp;(ADN) y del&nbsp;\u00e1cido ribonucleico&nbsp;(ARN). Debido a su gran capacidad para actuar como antioxidante, protege las membranas celulares de la oxidaci\u00f3n y se especula con sus efectos favorables contra el c\u00e1ncer o las enfermedades card\u00edacas.<\/span><\/li>\n<li style=\"line-height: 20px; padding: 0px; margin: 0px;\"><span style=\"line-height: 22.5px; color: #000000; font-family: helvetica; font-size: 14pt;\">Ayuda a mantener una circulaci\u00f3n saludable en las arterias coronarias y en los vasos sangu\u00edneos perif\u00e9ricos.<\/span><\/li>\n<li style=\"line-height: 20px; padding: 0px; margin: 0px;\"><span style=\"line-height: 22.5px; color: #000000; font-family: helvetica; font-size: 14pt;\">Reduce la coagulaci\u00f3n excesiva de la sangre y protege contra la trombosis.<\/span><\/li>\n<li style=\"line-height: 20px; padding: 0px; margin: 0px;\"><span style=\"line-height: 22.5px; color: #000000; font-family: helvetica; font-size: 14pt;\">Mejora la salud del cerebro y del sistema inmunol\u00f3gico.<\/span><\/li>\n<li style=\"line-height: 20px; padding: 0px; margin: 0px;\"><span style=\"line-height: 22.5px; color: #000000; font-family: helvetica; font-size: 14pt;\">Disminuye el riesgo del mal de alzheimer.<\/span><\/li>\n<li style=\"line-height: 20px; padding: 0px; margin: 0px;\"><span style=\"line-height: 22.5px; color: #000000; font-family: helvetica; font-size: 14pt;\">Su campo de acci\u00f3n transcurre en neutralizar el efecto de los radicales libres, los cuales son mol\u00e9culas inestables, debido a su desequilibrio at\u00f3mico y que por ello buscan recuperarlo a partir de otras c\u00e9lulas colindantes.<\/span><\/li>\n<li style=\"line-height: 20px; padding: 0px; margin: 0px;\"><span style=\"line-height: 22.5px; color: #000000; font-family: helvetica; font-size: 14pt;\">Beneficioso para la piel y las membranas. Fortalece el revestimiento de los capilares sangu\u00edneos de la piel, consiguiendo mejorar el soporte de cara a la hidrataci\u00f3n y fomentar su elasticidad.<\/span><\/li>\n<li style=\"line-height: 20px; padding: 0px; margin: 0px;\"><span style=\"font-family: helvetica; font-size: 14pt;\"><span style=\"line-height: 22.5px; color: #000000;\">Otro efecto destacado es reducir la inflamaci\u00f3n a nivel celular y verse traducido en un aspecto de la piel m\u00e1s joven.<\/span><span style=\"line-height: 22.5px; color: #000000;\">Fortalece el cabello. La fragilidad y ca\u00edda del cabello son dos aspectos muy importantes a los que se les suele prestar bastante importancia, dada su estrecha relaci\u00f3n con nuestro aspecto. En tal caso, el uso regular de vitamina E puede ayudarnos a mitigar estos problemas.<\/span><\/span><\/li>\n<\/ul>\n<p>&nbsp;<\/p>\n","protected":false},"excerpt":{"rendered":"<p>vitamina E es una vitamina liposoluble que act\u00faa como antioxidante a nivel de la s\u00edntesis del pigmento hemo, que es una parte esencial de la hemoglobina de los gl\u00f3bulos rojos. La vitamina E se encuentra en muchos alimentos, principalmente de origen vegetal, y sobre todo en los de hoja verde (el br\u00f3coli, las espinacas) y las semillas, entre ellos la soya, el germen de trigo y la levadura de cerveza. Tambi\u00e9n puede encontrarse en alimentos de origen animal, como la yema de huevo. Habitualmente, se suele considerar que los aceites vegetales y algunas dietas que emplean desayunos de cereales aportan una gran cantidad de vitamina E al cuerpo<\/p>\n","protected":false},"featured_media":2225,"comment_status":"open","ping_status":"closed","template":"","meta":[],"product_cat":[34],"product_tag":[],"acf":[],"yoast_head":"<!-- This site is optimized with the Yoast SEO plugin v18.5.1 - https:\/\/yoast.com\/wordpress\/plugins\/seo\/ -->\n<title>Vitamin E - 400 IU - Salud y Vida Store<\/title>\n<meta name=\"robots\" content=\"index, follow, max-snippet:-1, max-image-preview:large, max-video-preview:-1\" \/>\n<link rel=\"canonical\" href=\"https:\/\/saludyvidastore.com\/en\/product\/vitamin-e-400-iu\/\" \/>\n<meta property=\"og:locale\" content=\"en_US\" \/>\n<meta property=\"og:type\" content=\"article\" \/>\n<meta property=\"og:title\" content=\"Vitamin E - 400 IU - Salud y Vida Store\" \/>\n<meta property=\"og:description\" content=\"vitamina E es una vitamina liposoluble que act\u00faa como antioxidante a nivel de la s\u00edntesis del pigmento hemo, que es una parte esencial de la hemoglobina de los gl\u00f3bulos rojos. La vitamina E se encuentra en muchos alimentos, principalmente de origen vegetal, y sobre todo en los de hoja verde (el br\u00f3coli, las espinacas) y las semillas, entre ellos la soya, el germen de trigo y la levadura de cerveza. Tambi\u00e9n puede encontrarse en alimentos de origen animal, como la yema de huevo. Habitualmente, se suele considerar que los aceites vegetales y algunas dietas que emplean desayunos de cereales aportan una gran cantidad de vitamina E al cuerpo\" \/>\n<meta property=\"og:url\" content=\"https:\/\/saludyvidastore.com\/en\/product\/vitamin-e-400-iu\/\" \/>\n<meta property=\"og:site_name\" content=\"Salud y Vida Store\" \/>\n<meta property=\"article:publisher\" content=\"https:\/\/www.facebook.com\/ArmoniaNaturalDietShop\/\" \/>\n<meta property=\"og:image\" content=\"https:\/\/saludyvidastore.com\/wp-content\/uploads\/2018\/07\/1184.jpg\" \/>\n\t<meta property=\"og:image:width\" content=\"768\" \/>\n\t<meta property=\"og:image:height\" content=\"768\" \/>\n\t<meta property=\"og:image:type\" content=\"image\/jpeg\" \/>\n<meta name=\"twitter:card\" content=\"summary_large_image\" \/>\n<meta name=\"twitter:label1\" content=\"Est. reading time\" \/>\n\t<meta name=\"twitter:data1\" content=\"3 minutes\" \/>\n<script type=\"application\/ld+json\" class=\"yoast-schema-graph\">{\"@context\":\"https:\/\/schema.org\",\"@graph\":[{\"@type\":\"WebSite\",\"@id\":\"https:\/\/saludyvidastore.com\/#website\",\"url\":\"https:\/\/saludyvidastore.com\/\",\"name\":\"Salud y Vida Store\",\"description\":\"Otro sitio realizado con WordPress\",\"potentialAction\":[{\"@type\":\"SearchAction\",\"target\":{\"@type\":\"EntryPoint\",\"urlTemplate\":\"https:\/\/saludyvidastore.com\/?s={search_term_string}\"},\"query-input\":\"required name=search_term_string\"}],\"inLanguage\":\"en-US\"},{\"@type\":\"ImageObject\",\"@id\":\"https:\/\/saludyvidastore.com\/en\/product\/vitamin-e-400-iu\/#primaryimage\",\"inLanguage\":\"en-US\",\"url\":\"https:\/\/saludyvidastore.com\/wp-content\/uploads\/2018\/07\/1184.jpg\",\"contentUrl\":\"https:\/\/saludyvidastore.com\/wp-content\/uploads\/2018\/07\/1184.jpg\",\"width\":768,\"height\":768},{\"@type\":\"WebPage\",\"@id\":\"https:\/\/saludyvidastore.com\/en\/product\/vitamin-e-400-iu\/#webpage\",\"url\":\"https:\/\/saludyvidastore.com\/en\/product\/vitamin-e-400-iu\/\",\"name\":\"Vitamin E - 400 IU - Salud y Vida Store\",\"isPartOf\":{\"@id\":\"https:\/\/saludyvidastore.com\/#website\"},\"primaryImageOfPage\":{\"@id\":\"https:\/\/saludyvidastore.com\/en\/product\/vitamin-e-400-iu\/#primaryimage\"},\"datePublished\":\"2018-07-13T22:49:43+00:00\",\"dateModified\":\"2018-07-13T22:49:43+00:00\",\"breadcrumb\":{\"@id\":\"https:\/\/saludyvidastore.com\/en\/product\/vitamin-e-400-iu\/#breadcrumb\"},\"inLanguage\":\"en-US\",\"potentialAction\":[{\"@type\":\"ReadAction\",\"target\":[\"https:\/\/saludyvidastore.com\/en\/product\/vitamin-e-400-iu\/\"]}]},{\"@type\":\"BreadcrumbList\",\"@id\":\"https:\/\/saludyvidastore.com\/en\/product\/vitamin-e-400-iu\/#breadcrumb\",\"itemListElement\":[{\"@type\":\"ListItem\",\"position\":1,\"name\":\"Portada\",\"item\":\"https:\/\/saludyvidastore.com\/en\/\"},{\"@type\":\"ListItem\",\"position\":2,\"name\":\"Tienda\",\"item\":\"https:\/\/saludyvidastore.com\/tienda\/\"},{\"@type\":\"ListItem\",\"position\":3,\"name\":\"Vitamin E &#8211; 400 IU\"}]}]}<\/script>\n<!-- \/ Yoast SEO plugin. -->","yoast_head_json":{"title":"Vitamin E - 400 IU - Salud y Vida Store","robots":{"index":"index","follow":"follow","max-snippet":"max-snippet:-1","max-image-preview":"max-image-preview:large","max-video-preview":"max-video-preview:-1"},"canonical":"https:\/\/saludyvidastore.com\/en\/product\/vitamin-e-400-iu\/","og_locale":"en_US","og_type":"article","og_title":"Vitamin E - 400 IU - Salud y Vida Store","og_description":"vitamina E es una vitamina liposoluble que act\u00faa como antioxidante a nivel de la s\u00edntesis del pigmento hemo, que es una parte esencial de la hemoglobina de los gl\u00f3bulos rojos. La vitamina E se encuentra en muchos alimentos, principalmente de origen vegetal, y sobre todo en los de hoja verde (el br\u00f3coli, las espinacas) y las semillas, entre ellos la soya, el germen de trigo y la levadura de cerveza. Tambi\u00e9n puede encontrarse en alimentos de origen animal, como la yema de huevo. Habitualmente, se suele considerar que los aceites vegetales y algunas dietas que emplean desayunos de cereales aportan una gran cantidad de vitamina E al cuerpo","og_url":"https:\/\/saludyvidastore.com\/en\/product\/vitamin-e-400-iu\/","og_site_name":"Salud y Vida Store","article_publisher":"https:\/\/www.facebook.com\/ArmoniaNaturalDietShop\/","og_image":[{"width":768,"height":768,"url":"https:\/\/saludyvidastore.com\/wp-content\/uploads\/2018\/07\/1184.jpg","type":"image\/jpeg"}],"twitter_card":"summary_large_image","twitter_misc":{"Est. reading time":"3 minutes"},"schema":{"@context":"https:\/\/schema.org","@graph":[{"@type":"WebSite","@id":"https:\/\/saludyvidastore.com\/#website","url":"https:\/\/saludyvidastore.com\/","name":"Salud y Vida Store","description":"Otro sitio realizado con WordPress","potentialAction":[{"@type":"SearchAction","target":{"@type":"EntryPoint","urlTemplate":"https:\/\/saludyvidastore.com\/?s={search_term_string}"},"query-input":"required name=search_term_string"}],"inLanguage":"en-US"},{"@type":"ImageObject","@id":"https:\/\/saludyvidastore.com\/en\/product\/vitamin-e-400-iu\/#primaryimage","inLanguage":"en-US","url":"https:\/\/saludyvidastore.com\/wp-content\/uploads\/2018\/07\/1184.jpg","contentUrl":"https:\/\/saludyvidastore.com\/wp-content\/uploads\/2018\/07\/1184.jpg","width":768,"height":768},{"@type":"WebPage","@id":"https:\/\/saludyvidastore.com\/en\/product\/vitamin-e-400-iu\/#webpage","url":"https:\/\/saludyvidastore.com\/en\/product\/vitamin-e-400-iu\/","name":"Vitamin E - 400 IU - Salud y Vida Store","isPartOf":{"@id":"https:\/\/saludyvidastore.com\/#website"},"primaryImageOfPage":{"@id":"https:\/\/saludyvidastore.com\/en\/product\/vitamin-e-400-iu\/#primaryimage"},"datePublished":"2018-07-13T22:49:43+00:00","dateModified":"2018-07-13T22:49:43+00:00","breadcrumb":{"@id":"https:\/\/saludyvidastore.com\/en\/product\/vitamin-e-400-iu\/#breadcrumb"},"inLanguage":"en-US","potentialAction":[{"@type":"ReadAction","target":["https:\/\/saludyvidastore.com\/en\/product\/vitamin-e-400-iu\/"]}]},{"@type":"BreadcrumbList","@id":"https:\/\/saludyvidastore.com\/en\/product\/vitamin-e-400-iu\/#breadcrumb","itemListElement":[{"@type":"ListItem","position":1,"name":"Portada","item":"https:\/\/saludyvidastore.com\/en\/"},{"@type":"ListItem","position":2,"name":"Tienda","item":"https:\/\/saludyvidastore.com\/tienda\/"},{"@type":"ListItem","position":3,"name":"Vitamin E &#8211; 400 IU"}]}]}},"_links":{"self":[{"href":"https:\/\/saludyvidastore.com\/en\/wp-json\/wp\/v2\/product\/2538"}],"collection":[{"href":"https:\/\/saludyvidastore.com\/en\/wp-json\/wp\/v2\/product"}],"about":[{"href":"https:\/\/saludyvidastore.com\/en\/wp-json\/wp\/v2\/types\/product"}],"replies":[{"embeddable":true,"href":"https:\/\/saludyvidastore.com\/en\/wp-json\/wp\/v2\/comments?post=2538"}],"wp:featuredmedia":[{"embeddable":true,"href":"https:\/\/saludyvidastore.com\/en\/wp-json\/wp\/v2\/media\/2225"}],"wp:attachment":[{"href":"https:\/\/saludyvidastore.com\/en\/wp-json\/wp\/v2\/media?parent=2538"}],"wp:term":[{"taxonomy":"product_cat","embeddable":true,"href":"https:\/\/saludyvidastore.com\/en\/wp-json\/wp\/v2\/product_cat?post=2538"},{"taxonomy":"product_tag","embeddable":true,"href":"https:\/\/saludyvidastore.com\/en\/wp-json\/wp\/v2\/product_tag?post=2538"}],"curies":[{"name":"wp","href":"https:\/\/api.w.org\/{rel}","templated":true}]}}