{"id":2544,"date":"2018-07-13T22:49:34","date_gmt":"2018-07-13T22:49:34","guid":{"rendered":"http:\/\/saludyvidastore.com\/product\/amino-energy-x-30-servicios\/"},"modified":"2023-01-25T05:27:48","modified_gmt":"2023-01-25T05:27:48","slug":"amino-energy-x-30-servicios","status":"publish","type":"product","link":"https:\/\/saludyvidastore.com\/en\/product\/amino-energy-x-30-servicios\/","title":{"rendered":"Amino Energy x 30 servicios"},"content":{"rendered":"<p><span style=\"font-family: helvetica; font-size: 14pt;\">AMINO ENERGY O.N. Todos deseamos un f\u00edsico definido sin gota de grasa. Pero desearlo no es suficiente, hay que seguir una dieta y un programa de entrenamiento intensos que pondr\u00e1n a prueba la entereza f\u00edsica y mental de cualquiera.<\/span><\/p>\n<p><span style=\"font-family: helvetica; font-size: 14pt;\"> AMINO ENERGY O.N. combina un excelente \u00edndice de amino\u00e1cidos libres de r\u00e1pida absorci\u00f3n (incluyendo amino\u00e1cidos de cadena ramificada para formar m\u00fasculo y arginina para unos bombeos vasculares intensos) con energizantes naturales, beta alanina e ingredientes para incrementar los \u00edndices de \u00f3xido n\u00edtrico. Con tan solo 10 calor\u00edas por dosis,\u00a0 AMINO ENERGY O.N. le da todo lo que necesita sin perjudicar su dieta.<\/span><\/p>\n<p><span style=\"font-family: helvetica; font-size: 14pt;\">Puede tomar\u00a0\u00a0AMINO ENERGY O.N. solo o mezcl\u00e1ndolo con sus suplementos en polvo favoritos siempre que necesite m\u00e1s concentraci\u00f3n mental, energ\u00eda f\u00edsica, producci\u00f3n de \u00f3xido n\u00edtrico o una recuperaci\u00f3n m\u00e1s r\u00e1pida.<\/span><\/p>\n<p><span style=\"font-family: helvetica; font-size: 14pt;\"><strong>Amino Energy<\/strong><strong>\u00a0incluye<\/strong>:<\/span><\/p>\n<ul style=\"margin-top: 0cm;\">\n<li><span style=\"font-family: helvetica; font-size: 14pt;\">5 g de amino\u00e1cidos micronizados en su forma libre.<\/span><\/li>\n<li><span style=\"font-family: helvetica; font-size: 14pt;\">Beta alanina.<\/span><\/li>\n<li><span style=\"font-family: helvetica; font-size: 14pt;\">Extracto de t\u00e9 verde (100 mg de cafe\u00edna de t\u00e9 verde).<\/span><\/li>\n<li><span style=\"font-family: helvetica; font-size: 14pt;\">Extracto de caf\u00e9 verde.<\/span><\/li>\n<li><span style=\"font-family: helvetica; font-size: 14pt;\">10 calor\u00edas por dosis.<\/span><\/li>\n<li><span style=\"font-family: helvetica; font-size: 14pt;\">0 grasas y az\u00facares.<\/span><\/li>\n<\/ul>\n<p><span style=\"font-family: helvetica; font-size: 14pt;\"><strong>Principales beneficios de\u00a0 Amino Energy:<\/strong><\/span><\/p>\n<ul style=\"margin-top: 0cm;\">\n<li><span style=\"font-family: helvetica; font-size: 14pt;\">Ayuda en el transporte de los amino\u00e1cidos esenciales.<\/span><\/li>\n<li><span style=\"font-family: helvetica; font-size: 14pt;\">Favorece la producci\u00f3n de \u00f3xido n\u00edtrico.<\/span><\/li>\n<li><span style=\"font-family: helvetica; font-size: 14pt;\">Acelera la recuperaci\u00f3n muscular.<\/span><\/li>\n<li><span style=\"font-family: helvetica; font-size: 14pt;\">Mejora la energ\u00eda y la concentraci\u00f3n.<\/span><\/li>\n<\/ul>\n","protected":false},"excerpt":{"rendered":"<p>Amino Energy Todos deseamos un f\u00edsico definido sin gota de grasa. Pero desearlo no es suficiente, hay que seguir una dieta y un programa de entrenamiento intensos que pondr\u00e1n a prueba la entereza f\u00edsica y mental de cualquiera.<\/p>\n","protected":false},"featured_media":2211,"comment_status":"open","ping_status":"closed","template":"","meta":[],"product_cat":[43,29],"product_tag":[],"acf":[],"yoast_head":"<!-- This site is optimized with the Yoast SEO plugin v18.5.1 - https:\/\/yoast.com\/wordpress\/plugins\/seo\/ -->\n<title>AMINO ENERGY O.N. 30 serv. - Armonia Natural Diet Shop<\/title>\n<meta name=\"description\" content=\"AMINO ENERGY O.N. combina un excelente \u00edndice de amino\u00e1cidos libres de r\u00e1pida absorci\u00f3n con energizantes naturales aumentando los indices de oxido nitrico.\" \/>\n<meta name=\"robots\" content=\"index, follow, max-snippet:-1, max-image-preview:large, max-video-preview:-1\" \/>\n<link rel=\"canonical\" href=\"https:\/\/saludyvidastore.com\/product\/amino-energy-x-30-servicios\/\" \/>\n<meta property=\"og:locale\" content=\"en_US\" \/>\n<meta property=\"og:type\" content=\"article\" \/>\n<meta property=\"og:title\" content=\"AMINO ENERGY O.N. 30 serv. - Armonia Natural Diet Shop\" \/>\n<meta property=\"og:description\" content=\"AMINO ENERGY O.N. combina un excelente \u00edndice de amino\u00e1cidos libres de r\u00e1pida absorci\u00f3n con energizantes naturales aumentando los indices de oxido nitrico.\" \/>\n<meta property=\"og:url\" content=\"https:\/\/saludyvidastore.com\/product\/amino-energy-x-30-servicios\/\" \/>\n<meta property=\"og:site_name\" content=\"Salud y Vida Store\" \/>\n<meta property=\"article:publisher\" content=\"https:\/\/www.facebook.com\/ArmoniaNaturalDietShop\/\" \/>\n<meta property=\"article:modified_time\" content=\"2023-01-25T05:27:48+00:00\" \/>\n<meta property=\"og:image\" content=\"https:\/\/saludyvidastore.com\/wp-content\/uploads\/2018\/07\/1214-2.jpg\" \/>\n\t<meta property=\"og:image:width\" content=\"1200\" \/>\n\t<meta property=\"og:image:height\" content=\"1200\" \/>\n\t<meta property=\"og:image:type\" content=\"image\/jpeg\" \/>\n<meta name=\"twitter:card\" content=\"summary_large_image\" \/>\n<meta name=\"twitter:label1\" content=\"Est. reading time\" \/>\n\t<meta name=\"twitter:data1\" content=\"1 minute\" \/>\n<script type=\"application\/ld+json\" class=\"yoast-schema-graph\">{\"@context\":\"https:\/\/schema.org\",\"@graph\":[{\"@type\":\"WebSite\",\"@id\":\"https:\/\/saludyvidastore.com\/#website\",\"url\":\"https:\/\/saludyvidastore.com\/\",\"name\":\"Salud y Vida Store\",\"description\":\"Otro sitio realizado con WordPress\",\"potentialAction\":[{\"@type\":\"SearchAction\",\"target\":{\"@type\":\"EntryPoint\",\"urlTemplate\":\"https:\/\/saludyvidastore.com\/?s={search_term_string}\"},\"query-input\":\"required name=search_term_string\"}],\"inLanguage\":\"en-US\"},{\"@type\":\"ImageObject\",\"@id\":\"https:\/\/saludyvidastore.com\/product\/amino-energy-x-30-servicios\/#primaryimage\",\"inLanguage\":\"en-US\",\"url\":\"https:\/\/saludyvidastore.com\/wp-content\/uploads\/2018\/07\/1214-2.jpg\",\"contentUrl\":\"https:\/\/saludyvidastore.com\/wp-content\/uploads\/2018\/07\/1214-2.jpg\",\"width\":1200,\"height\":1200},{\"@type\":\"WebPage\",\"@id\":\"https:\/\/saludyvidastore.com\/product\/amino-energy-x-30-servicios\/#webpage\",\"url\":\"https:\/\/saludyvidastore.com\/product\/amino-energy-x-30-servicios\/\",\"name\":\"AMINO ENERGY O.N. 30 serv. - Armonia Natural Diet Shop\",\"isPartOf\":{\"@id\":\"https:\/\/saludyvidastore.com\/#website\"},\"primaryImageOfPage\":{\"@id\":\"https:\/\/saludyvidastore.com\/product\/amino-energy-x-30-servicios\/#primaryimage\"},\"datePublished\":\"2018-07-13T22:49:34+00:00\",\"dateModified\":\"2023-01-25T05:27:48+00:00\",\"description\":\"AMINO ENERGY O.N. combina un excelente \u00edndice de amino\u00e1cidos libres de r\u00e1pida absorci\u00f3n con energizantes naturales aumentando los indices de oxido nitrico.\",\"breadcrumb\":{\"@id\":\"https:\/\/saludyvidastore.com\/product\/amino-energy-x-30-servicios\/#breadcrumb\"},\"inLanguage\":\"en-US\",\"potentialAction\":[{\"@type\":\"ReadAction\",\"target\":[\"https:\/\/saludyvidastore.com\/product\/amino-energy-x-30-servicios\/\"]}]},{\"@type\":\"BreadcrumbList\",\"@id\":\"https:\/\/saludyvidastore.com\/product\/amino-energy-x-30-servicios\/#breadcrumb\",\"itemListElement\":[{\"@type\":\"ListItem\",\"position\":1,\"name\":\"Portada\",\"item\":\"https:\/\/saludyvidastore.com\/en\/\"},{\"@type\":\"ListItem\",\"position\":2,\"name\":\"Tienda\",\"item\":\"https:\/\/saludyvidastore.com\/tienda\/\"},{\"@type\":\"ListItem\",\"position\":3,\"name\":\"Amino Energy x 30 servicios\"}]}]}<\/script>\n<!-- \/ Yoast SEO plugin. -->","yoast_head_json":{"title":"AMINO ENERGY O.N. 30 serv. - Armonia Natural Diet Shop","description":"AMINO ENERGY O.N. combina un excelente \u00edndice de amino\u00e1cidos libres de r\u00e1pida absorci\u00f3n con energizantes naturales aumentando los indices de oxido nitrico.","robots":{"index":"index","follow":"follow","max-snippet":"max-snippet:-1","max-image-preview":"max-image-preview:large","max-video-preview":"max-video-preview:-1"},"canonical":"https:\/\/saludyvidastore.com\/product\/amino-energy-x-30-servicios\/","og_locale":"en_US","og_type":"article","og_title":"AMINO ENERGY O.N. 30 serv. - Armonia Natural Diet Shop","og_description":"AMINO ENERGY O.N. combina un excelente \u00edndice de amino\u00e1cidos libres de r\u00e1pida absorci\u00f3n con energizantes naturales aumentando los indices de oxido nitrico.","og_url":"https:\/\/saludyvidastore.com\/product\/amino-energy-x-30-servicios\/","og_site_name":"Salud y Vida Store","article_publisher":"https:\/\/www.facebook.com\/ArmoniaNaturalDietShop\/","article_modified_time":"2023-01-25T05:27:48+00:00","og_image":[{"width":1200,"height":1200,"url":"https:\/\/saludyvidastore.com\/wp-content\/uploads\/2018\/07\/1214-2.jpg","type":"image\/jpeg"}],"twitter_card":"summary_large_image","twitter_misc":{"Est. reading time":"1 minute"},"schema":{"@context":"https:\/\/schema.org","@graph":[{"@type":"WebSite","@id":"https:\/\/saludyvidastore.com\/#website","url":"https:\/\/saludyvidastore.com\/","name":"Salud y Vida Store","description":"Otro sitio realizado con WordPress","potentialAction":[{"@type":"SearchAction","target":{"@type":"EntryPoint","urlTemplate":"https:\/\/saludyvidastore.com\/?s={search_term_string}"},"query-input":"required name=search_term_string"}],"inLanguage":"en-US"},{"@type":"ImageObject","@id":"https:\/\/saludyvidastore.com\/product\/amino-energy-x-30-servicios\/#primaryimage","inLanguage":"en-US","url":"https:\/\/saludyvidastore.com\/wp-content\/uploads\/2018\/07\/1214-2.jpg","contentUrl":"https:\/\/saludyvidastore.com\/wp-content\/uploads\/2018\/07\/1214-2.jpg","width":1200,"height":1200},{"@type":"WebPage","@id":"https:\/\/saludyvidastore.com\/product\/amino-energy-x-30-servicios\/#webpage","url":"https:\/\/saludyvidastore.com\/product\/amino-energy-x-30-servicios\/","name":"AMINO ENERGY O.N. 30 serv. - Armonia Natural Diet Shop","isPartOf":{"@id":"https:\/\/saludyvidastore.com\/#website"},"primaryImageOfPage":{"@id":"https:\/\/saludyvidastore.com\/product\/amino-energy-x-30-servicios\/#primaryimage"},"datePublished":"2018-07-13T22:49:34+00:00","dateModified":"2023-01-25T05:27:48+00:00","description":"AMINO ENERGY O.N. combina un excelente \u00edndice de amino\u00e1cidos libres de r\u00e1pida absorci\u00f3n con energizantes naturales aumentando los indices de oxido nitrico.","breadcrumb":{"@id":"https:\/\/saludyvidastore.com\/product\/amino-energy-x-30-servicios\/#breadcrumb"},"inLanguage":"en-US","potentialAction":[{"@type":"ReadAction","target":["https:\/\/saludyvidastore.com\/product\/amino-energy-x-30-servicios\/"]}]},{"@type":"BreadcrumbList","@id":"https:\/\/saludyvidastore.com\/product\/amino-energy-x-30-servicios\/#breadcrumb","itemListElement":[{"@type":"ListItem","position":1,"name":"Portada","item":"https:\/\/saludyvidastore.com\/en\/"},{"@type":"ListItem","position":2,"name":"Tienda","item":"https:\/\/saludyvidastore.com\/tienda\/"},{"@type":"ListItem","position":3,"name":"Amino Energy x 30 servicios"}]}]}},"_links":{"self":[{"href":"https:\/\/saludyvidastore.com\/en\/wp-json\/wp\/v2\/product\/2544"}],"collection":[{"href":"https:\/\/saludyvidastore.com\/en\/wp-json\/wp\/v2\/product"}],"about":[{"href":"https:\/\/saludyvidastore.com\/en\/wp-json\/wp\/v2\/types\/product"}],"replies":[{"embeddable":true,"href":"https:\/\/saludyvidastore.com\/en\/wp-json\/wp\/v2\/comments?post=2544"}],"wp:featuredmedia":[{"embeddable":true,"href":"https:\/\/saludyvidastore.com\/en\/wp-json\/wp\/v2\/media\/2211"}],"wp:attachment":[{"href":"https:\/\/saludyvidastore.com\/en\/wp-json\/wp\/v2\/media?parent=2544"}],"wp:term":[{"taxonomy":"product_cat","embeddable":true,"href":"https:\/\/saludyvidastore.com\/en\/wp-json\/wp\/v2\/product_cat?post=2544"},{"taxonomy":"product_tag","embeddable":true,"href":"https:\/\/saludyvidastore.com\/en\/wp-json\/wp\/v2\/product_tag?post=2544"}],"curies":[{"name":"wp","href":"https:\/\/api.w.org\/{rel}","templated":true}]}}