{"id":6552,"date":"2021-08-06T22:35:36","date_gmt":"2021-08-06T22:35:36","guid":{"rendered":"https:\/\/saludyvidastore.com\/?post_type=product&#038;p=6552"},"modified":"2023-02-03T21:53:27","modified_gmt":"2023-02-03T21:53:27","slug":"quemador-de-grasa-mw","status":"publish","type":"product","link":"https:\/\/saludyvidastore.com\/en\/product\/quemador-de-grasa-mw\/","title":{"rendered":"QUEMADOR DE GRASA MW"},"content":{"rendered":"<h1 dir=\"ltr\" style=\"text-align: center;\" data-placeholder=\"Translation\">QUEMADOR DE GRASA MW<\/h1>\n<p>QUEMADOR DE GRASA MW<\/p>\n<p dir=\"ltr\" data-placeholder=\"Translation\"><span class=\"Y2IQFc\" lang=\"en\">Reduce el apetito de forma natural. No dejes que tu apetito sabotee tu p\u00e9rdida de peso.<\/span><\/p>\n<p id=\"tw-target-text\" class=\"tw-data-text tw-text-large XcVN5d tw-ta\" dir=\"ltr\" data-placeholder=\"Translation\"><span class=\"Y2IQFc\" lang=\"en\">La f\u00f3rmula \u00fanica utiliza los mejores supresores del apetito. Act\u00faa haci\u00e9ndolo sentir lleno para que no sienta apetito entre comidas. \u00a1Y como tal, te ayuda a reducir tu ingesta de calor\u00edas y tambi\u00e9n tu cintura!<\/span><\/p>\n<p id=\"tw-target-text\" class=\"tw-data-text tw-text-large XcVN5d tw-ta\" dir=\"ltr\" data-placeholder=\"Translation\">QUEMADOR DE GRASA MW <span class=\"Y2IQFc\" lang=\"en\">incluye una mezcla segura de termog\u00e9nicos y minerales naturales para darle a su METABOLISMO el impulso que necesita. Incluye antioxidantes que favorecen la aceleraci\u00f3n del metabolismo normal de las grasas.<\/span><\/p>\n<h2 dir=\"ltr\" data-placeholder=\"Translation\"><\/h2>\n<p dir=\"ltr\" data-placeholder=\"Translation\">BENEFICIOS<\/p>\n<div class=\"elementor-element elementor-element-8122422 elementor-widget elementor-widget-text-editor\" data-id=\"8122422\" data-element_type=\"widget\" data-widget_type=\"text-editor.default\">\n<div class=\"elementor-widget-container\">\n<div class=\"elementor-text-editor elementor-clearfix\">\n<ul>\n<li>Perder peso rapido<\/li>\n<li>Reduce la ansiedad<\/li>\n<li>Quema grasa alrededor del vientre<\/li>\n<li><a href=\"\/?p=317\">Multivitam\u00ednico<\/a> muy potente<\/li>\n<li>Ayuda a controlar el <span class=\"Y2IQFc\" lang=\"en\">apetito<\/span><\/li>\n<li><span class=\"Y2IQFc\" lang=\"en\">Tiene <a href=\"https:\/\/kidshealth.org\/es\/parents\/collagen.html\">col\u00e1geno<\/a>, que mejora el aspecto de tu piel.<\/span><\/li>\n<li><\/li>\n<\/ul>\n<\/div>\n<h2 dir=\"ltr\" data-placeholder=\"Translation\">QUEMADOR DE GRASA MW<\/h2>\n<p>&nbsp;<\/p>\n<p>COMPONENTES<\/p>\n<\/div>\n<ul>\n<li><strong>L-carnitina<\/strong> : <span class=\"Y2IQFc\" lang=\"en\">La funci\u00f3n principal de la L-carnitina est\u00e1 relacionada con el sistema metab\u00f3lico en t\u00e9rminos de generaci\u00f3n de energ\u00eda y absorci\u00f3n de \u00e1cidos grasos.<\/span><\/li>\n<li><strong>Col\u00e1geno<\/strong> : <span class=\"Y2IQFc\" lang=\"en\">aporta flexibilidad, elasticidad y resistencia a la presi\u00f3n. Esta prote\u00edna es muy abundante en piel, huesos y articulaciones (ligamentos, tendones y cart\u00edlagos).<\/span><\/li>\n<li><strong>7-Keto<\/strong> : la <span class=\"Y2IQFc\" lang=\"en\">cetosis es un proceso que ocurre cuando no tienes suficientes carbohidratos para quemar energ\u00eda.<\/span><\/li>\n<li><strong>Vitamina C<\/strong> : <span class=\"Y2IQFc\" lang=\"en\">es importante para la piel, los huesos y el tejido conectivo. Tambi\u00e9n ayuda al cuerpo a absorber el hierro.<\/span><\/li>\n<li><strong>Extracto de Guaran\u00e1<\/strong> : <span class=\"Y2IQFc\" lang=\"en\">Puede usarse para tratar la obesidad, para aumentar el rendimiento deportivo, la energ\u00eda, como afrodis\u00edaco, entre muchas otras afecciones.<\/span><\/li>\n<li><strong>Ginkgo Biloba<\/strong> : Ayuda con <span class=\"Y2IQFc\" lang=\"en\">diversas funciones mentales: mejora la memoria, la velocidad del pensamiento o la atenci\u00f3n, entre otras.<\/span><\/li>\n<li><strong>Vitamina B3: <\/strong><span class=\"Y2IQFc\" lang=\"en\">tambi\u00e9n conocida como niacina, ayuda a convertir los alimentos que consume en la energ\u00eda que necesita. Es importante para el desarrollo y la funci\u00f3n de las c\u00e9lulas del cuerpo.<\/span><\/li>\n<li><strong>Ginseng:<\/strong> puede combatir el cansancio y aumentar el nivel de energ\u00eda. Tambi\u00e9n puede beneficiar la funci\u00f3n cerebral.<\/li>\n<\/ul>\n<\/div>\n<p><strong>DOSIS<\/strong><\/p>\n<p id=\"tw-target-text\" class=\"tw-data-text tw-text-large XcVN5d tw-ta\" dir=\"ltr\" data-placeholder=\"Translation\"><span class=\"Y2IQFc\" lang=\"en\">Para aumentar la eficacia del suplemento, recomendamos consumir una c\u00e1psula por la ma\u00f1ana, 30 minutos antes del desayuno. La botella contiene (30) c\u00e1psulas.<\/span><\/p>\n","protected":false},"excerpt":{"rendered":"<p id=\"tw-target-text\" class=\"tw-data-text tw-text-large XcVN5d tw-ta\" dir=\"ltr\" data-placeholder=\"Translation\">QUEMADOR DE GRASA MW <span class=\"Y2IQFc\" lang=\"en\">incluye una mezcla segura de termog\u00e9nicos y minerales naturales para darle a su METABOLISMO el impulso que necesita. Incluye antioxidantes que favorecen la aceleraci\u00f3n del metabolismo normal de las grasas.<\/span><\/p>\n<p dir=\"ltr\" data-placeholder=\"Translation\">\n","protected":false},"featured_media":6553,"comment_status":"open","ping_status":"closed","template":"","meta":[],"product_cat":[49],"product_tag":[],"acf":[],"yoast_head":"<!-- This site is optimized with the Yoast SEO plugin v18.5.1 - https:\/\/yoast.com\/wordpress\/plugins\/seo\/ -->\n<title>QUEMADOR DE GRASA MW - Salud y Vida Store<\/title>\n<meta name=\"description\" content=\"QUEMADOR DE GRASA MW incluye una mezcla segura de termog\u00e9nicos y minerales naturales para darle a su METABOLISMO el impulso que necesita.\" \/>\n<meta name=\"robots\" content=\"index, follow, max-snippet:-1, max-image-preview:large, max-video-preview:-1\" \/>\n<link rel=\"canonical\" href=\"https:\/\/saludyvidastore.com\/en\/product\/quemador-de-grasa-mw\/\" \/>\n<meta property=\"og:locale\" content=\"en_US\" \/>\n<meta property=\"og:type\" content=\"article\" \/>\n<meta property=\"og:title\" content=\"QUEMADOR DE GRASA MW - Salud y Vida Store\" \/>\n<meta property=\"og:description\" content=\"QUEMADOR DE GRASA MW incluye una mezcla segura de termog\u00e9nicos y minerales naturales para darle a su METABOLISMO el impulso que necesita.\" \/>\n<meta property=\"og:url\" content=\"https:\/\/saludyvidastore.com\/en\/product\/quemador-de-grasa-mw\/\" \/>\n<meta property=\"og:site_name\" content=\"Salud y Vida Store\" \/>\n<meta property=\"article:publisher\" content=\"https:\/\/www.facebook.com\/ArmoniaNaturalDietShop\/\" \/>\n<meta property=\"article:modified_time\" content=\"2023-02-03T21:53:27+00:00\" \/>\n<meta property=\"og:image\" content=\"https:\/\/saludyvidastore.com\/wp-content\/uploads\/2021\/08\/MW-FATBURNER.jpg\" \/>\n\t<meta property=\"og:image:width\" content=\"517\" \/>\n\t<meta property=\"og:image:height\" content=\"517\" \/>\n\t<meta property=\"og:image:type\" content=\"image\/jpeg\" \/>\n<meta name=\"twitter:card\" content=\"summary_large_image\" \/>\n<meta name=\"twitter:label1\" content=\"Est. reading time\" \/>\n\t<meta name=\"twitter:data1\" content=\"2 minutes\" \/>\n<script type=\"application\/ld+json\" class=\"yoast-schema-graph\">{\"@context\":\"https:\/\/schema.org\",\"@graph\":[{\"@type\":\"WebSite\",\"@id\":\"https:\/\/saludyvidastore.com\/#website\",\"url\":\"https:\/\/saludyvidastore.com\/\",\"name\":\"Salud y Vida Store\",\"description\":\"Otro sitio realizado con WordPress\",\"potentialAction\":[{\"@type\":\"SearchAction\",\"target\":{\"@type\":\"EntryPoint\",\"urlTemplate\":\"https:\/\/saludyvidastore.com\/?s={search_term_string}\"},\"query-input\":\"required name=search_term_string\"}],\"inLanguage\":\"en-US\"},{\"@type\":\"ImageObject\",\"@id\":\"https:\/\/saludyvidastore.com\/en\/product\/quemador-de-grasa-mw\/#primaryimage\",\"inLanguage\":\"en-US\",\"url\":\"https:\/\/saludyvidastore.com\/wp-content\/uploads\/2021\/08\/MW-FATBURNER.jpg\",\"contentUrl\":\"https:\/\/saludyvidastore.com\/wp-content\/uploads\/2021\/08\/MW-FATBURNER.jpg\",\"width\":517,\"height\":517,\"caption\":\"QUEMADOR DE GRASA MW\"},{\"@type\":\"WebPage\",\"@id\":\"https:\/\/saludyvidastore.com\/en\/product\/quemador-de-grasa-mw\/#webpage\",\"url\":\"https:\/\/saludyvidastore.com\/en\/product\/quemador-de-grasa-mw\/\",\"name\":\"QUEMADOR DE GRASA MW - Salud y Vida Store\",\"isPartOf\":{\"@id\":\"https:\/\/saludyvidastore.com\/#website\"},\"primaryImageOfPage\":{\"@id\":\"https:\/\/saludyvidastore.com\/en\/product\/quemador-de-grasa-mw\/#primaryimage\"},\"datePublished\":\"2021-08-06T22:35:36+00:00\",\"dateModified\":\"2023-02-03T21:53:27+00:00\",\"description\":\"QUEMADOR DE GRASA MW incluye una mezcla segura de termog\u00e9nicos y minerales naturales para darle a su METABOLISMO el impulso que necesita.\",\"breadcrumb\":{\"@id\":\"https:\/\/saludyvidastore.com\/en\/product\/quemador-de-grasa-mw\/#breadcrumb\"},\"inLanguage\":\"en-US\",\"potentialAction\":[{\"@type\":\"ReadAction\",\"target\":[\"https:\/\/saludyvidastore.com\/en\/product\/quemador-de-grasa-mw\/\"]}]},{\"@type\":\"BreadcrumbList\",\"@id\":\"https:\/\/saludyvidastore.com\/en\/product\/quemador-de-grasa-mw\/#breadcrumb\",\"itemListElement\":[{\"@type\":\"ListItem\",\"position\":1,\"name\":\"Portada\",\"item\":\"https:\/\/saludyvidastore.com\/en\/\"},{\"@type\":\"ListItem\",\"position\":2,\"name\":\"Tienda\",\"item\":\"https:\/\/saludyvidastore.com\/tienda\/\"},{\"@type\":\"ListItem\",\"position\":3,\"name\":\"QUEMADOR DE GRASA MW\"}]}]}<\/script>\n<!-- \/ Yoast SEO plugin. -->","yoast_head_json":{"title":"QUEMADOR DE GRASA MW - Salud y Vida Store","description":"QUEMADOR DE GRASA MW incluye una mezcla segura de termog\u00e9nicos y minerales naturales para darle a su METABOLISMO el impulso que necesita.","robots":{"index":"index","follow":"follow","max-snippet":"max-snippet:-1","max-image-preview":"max-image-preview:large","max-video-preview":"max-video-preview:-1"},"canonical":"https:\/\/saludyvidastore.com\/en\/product\/quemador-de-grasa-mw\/","og_locale":"en_US","og_type":"article","og_title":"QUEMADOR DE GRASA MW - Salud y Vida Store","og_description":"QUEMADOR DE GRASA MW incluye una mezcla segura de termog\u00e9nicos y minerales naturales para darle a su METABOLISMO el impulso que necesita.","og_url":"https:\/\/saludyvidastore.com\/en\/product\/quemador-de-grasa-mw\/","og_site_name":"Salud y Vida Store","article_publisher":"https:\/\/www.facebook.com\/ArmoniaNaturalDietShop\/","article_modified_time":"2023-02-03T21:53:27+00:00","og_image":[{"width":517,"height":517,"url":"https:\/\/saludyvidastore.com\/wp-content\/uploads\/2021\/08\/MW-FATBURNER.jpg","type":"image\/jpeg"}],"twitter_card":"summary_large_image","twitter_misc":{"Est. reading time":"2 minutes"},"schema":{"@context":"https:\/\/schema.org","@graph":[{"@type":"WebSite","@id":"https:\/\/saludyvidastore.com\/#website","url":"https:\/\/saludyvidastore.com\/","name":"Salud y Vida Store","description":"Otro sitio realizado con WordPress","potentialAction":[{"@type":"SearchAction","target":{"@type":"EntryPoint","urlTemplate":"https:\/\/saludyvidastore.com\/?s={search_term_string}"},"query-input":"required name=search_term_string"}],"inLanguage":"en-US"},{"@type":"ImageObject","@id":"https:\/\/saludyvidastore.com\/en\/product\/quemador-de-grasa-mw\/#primaryimage","inLanguage":"en-US","url":"https:\/\/saludyvidastore.com\/wp-content\/uploads\/2021\/08\/MW-FATBURNER.jpg","contentUrl":"https:\/\/saludyvidastore.com\/wp-content\/uploads\/2021\/08\/MW-FATBURNER.jpg","width":517,"height":517,"caption":"QUEMADOR DE GRASA MW"},{"@type":"WebPage","@id":"https:\/\/saludyvidastore.com\/en\/product\/quemador-de-grasa-mw\/#webpage","url":"https:\/\/saludyvidastore.com\/en\/product\/quemador-de-grasa-mw\/","name":"QUEMADOR DE GRASA MW - Salud y Vida Store","isPartOf":{"@id":"https:\/\/saludyvidastore.com\/#website"},"primaryImageOfPage":{"@id":"https:\/\/saludyvidastore.com\/en\/product\/quemador-de-grasa-mw\/#primaryimage"},"datePublished":"2021-08-06T22:35:36+00:00","dateModified":"2023-02-03T21:53:27+00:00","description":"QUEMADOR DE GRASA MW incluye una mezcla segura de termog\u00e9nicos y minerales naturales para darle a su METABOLISMO el impulso que necesita.","breadcrumb":{"@id":"https:\/\/saludyvidastore.com\/en\/product\/quemador-de-grasa-mw\/#breadcrumb"},"inLanguage":"en-US","potentialAction":[{"@type":"ReadAction","target":["https:\/\/saludyvidastore.com\/en\/product\/quemador-de-grasa-mw\/"]}]},{"@type":"BreadcrumbList","@id":"https:\/\/saludyvidastore.com\/en\/product\/quemador-de-grasa-mw\/#breadcrumb","itemListElement":[{"@type":"ListItem","position":1,"name":"Portada","item":"https:\/\/saludyvidastore.com\/en\/"},{"@type":"ListItem","position":2,"name":"Tienda","item":"https:\/\/saludyvidastore.com\/tienda\/"},{"@type":"ListItem","position":3,"name":"QUEMADOR DE GRASA MW"}]}]}},"_links":{"self":[{"href":"https:\/\/saludyvidastore.com\/en\/wp-json\/wp\/v2\/product\/6552"}],"collection":[{"href":"https:\/\/saludyvidastore.com\/en\/wp-json\/wp\/v2\/product"}],"about":[{"href":"https:\/\/saludyvidastore.com\/en\/wp-json\/wp\/v2\/types\/product"}],"replies":[{"embeddable":true,"href":"https:\/\/saludyvidastore.com\/en\/wp-json\/wp\/v2\/comments?post=6552"}],"wp:featuredmedia":[{"embeddable":true,"href":"https:\/\/saludyvidastore.com\/en\/wp-json\/wp\/v2\/media\/6553"}],"wp:attachment":[{"href":"https:\/\/saludyvidastore.com\/en\/wp-json\/wp\/v2\/media?parent=6552"}],"wp:term":[{"taxonomy":"product_cat","embeddable":true,"href":"https:\/\/saludyvidastore.com\/en\/wp-json\/wp\/v2\/product_cat?post=6552"},{"taxonomy":"product_tag","embeddable":true,"href":"https:\/\/saludyvidastore.com\/en\/wp-json\/wp\/v2\/product_tag?post=6552"}],"curies":[{"name":"wp","href":"https:\/\/api.w.org\/{rel}","templated":true}]}}